{"id":66,"date":"2023-04-24T18:39:10","date_gmt":"2023-04-24T18:39:10","guid":{"rendered":"https:\/\/solardashboard.tapwork.de\/?page_id=66"},"modified":"2024-04-25T22:19:10","modified_gmt":"2024-04-25T22:19:10","slug":"declaration-de-confidentialite","status":"publish","type":"page","link":"https:\/\/solardashboard.tapwork.de\/en\/declaration-de-confidentialite\/","title":{"rendered":"Politique de confidentialit\u00e9"},"content":{"rendered":"\n<p style=\"font-size:1.5rem\"><strong>SolarDashboard<\/strong><\/p>\n\n\n\n<p>Par la pr\u00e9sente d\u00e9claration de protection des donn\u00e9es, nous souhaitons vous informer des types de donn\u00e9es \u00e0 caract\u00e8re personnel vous concernant (ci-apr\u00e8s d\u00e9nomm\u00e9es &#8220;donn\u00e9es&#8221;) que nous traitons, \u00e0 quelles fins et dans quelle mesure dans le cadre de la mise \u00e0 disposition de notre application.<br>Derni\u00e8re mise \u00e0 jour : 25 avril 2024<\/p>\n\n\n\n<h3 class=\"wp-block-heading\" style=\"font-size:1.5rem\"><strong>G\u00e9n\u00e9ral<\/strong><\/h3>\n\n\n\n<p>L&#8217;application SolarDashboard permet la surveillance des performances des syst\u00e8mes solaires et le contr\u00f4le bas\u00e9 sur la puissance des appareils \u00e9lectroniques ou la recharge des v\u00e9hicules \u00e9lectriques en collaboration avec des fournisseurs tiers.<\/p>\n\n\n\n<h3 class=\"wp-block-heading\" style=\"font-size:1.5rem\"><strong>Traitement des donn\u00e9es provenant de tiers<\/strong><\/h3>\n\n\n\n<p>Cela n\u00e9cessite une connexion \u00e0 un fournisseur tiers pour visualiser les donn\u00e9es du syst\u00e8me solaire. Le jeton de connexion ou le cookie est stock\u00e9 de mani\u00e8re s\u00e9curis\u00e9e dans le trousseau d&#8217;acc\u00e8s iOS ou dans le magasin de cookies WebView. De plus, SolarDashboard propose une connexion pour les v\u00e9hicules \u00e9lectriques. Les jetons sont stock\u00e9s de mani\u00e8re s\u00e9curis\u00e9e sur votre appareil dans le trousseau d&#8217;acc\u00e8s iOS. Vous pouvez vous d\u00e9connecter du service tiers \u00e0 tout moment pour supprimer le jeton d&#8217;acc\u00e8s ou le cookie.<\/p>\n\n\n\n<p>Pour l&#8217;analyse des erreurs (par exemple, les plantages de l&#8217;application) et du comportement d&#8217;utilisation, SolarDashboard utilise les services Google Firebase (Analytics et Crashlytics). L&#8217;utilisation de ces services est volontaire et peut \u00eatre ajust\u00e9e \u00e0 tout moment dans les param\u00e8tres de l&#8217;application.<\/p>\n\n\n\n<p>Les donn\u00e9es du syst\u00e8me solaire, telles que la g\u00e9n\u00e9ration et la consommation d&#8217;\u00e9nergie, les donn\u00e9es du v\u00e9hicule (par exemple, l&#8217;\u00e9tat de la batterie, la consommation) et les donn\u00e9es de localisation du syst\u00e8me solaire et de la voiture (pour d\u00e9terminer l&#8217;emplacement de charge), sont charg\u00e9es et trait\u00e9es dans l&#8217;application. Ces valeurs restent dans SolarDashboard et ne sont pas stock\u00e9es ou trait\u00e9es \u00e0 l&#8217;externe.<\/p>\n\n\n\n<h3 class=\"wp-block-heading\" style=\"font-size:1.5rem\"><strong>Organisme responsable et r\u00e9vocation<\/strong><\/h3>\n\n\n\n<p>L&#8217;organe responsable de la collecte, du traitement et de l&#8217;utilisation des donn\u00e9es personnelles au sens de la loi f\u00e9d\u00e9rale sur la protection des donn\u00e9es est le :<br>TAPWORK GmbH<br>Bachstra\u00dfe 22<br>52066 Aix-la-Chapelle, Allemagne<br><br>E-Mail: info@tapwork.de<br>Phone: +49-241-89439440<\/p>\n\n\n\n<p>Si\u00e8ge social :<br>Aix-la-Chapelle:&nbsp;HRB 25990<\/p>\n\n\n\n<h3 class=\"wp-block-heading\" style=\"font-size:1.5rem\"><strong>Aper\u00e7u du traitement<\/strong><\/h3>\n\n\n\n<p>L&#8217;aper\u00e7u suivant r\u00e9sume les types de donn\u00e9es trait\u00e9es et les finalit\u00e9s de leur traitement et fait r\u00e9f\u00e9rence aux personnes concern\u00e9es<\/p>\n\n\n\n<h3 class=\"wp-block-heading\" style=\"font-size:1.5rem\"><strong>Types de donn\u00e9es trait\u00e9es<\/strong><\/h3>\n\n\n\n<ul class=\"wp-block-list\">\n<li>Donn\u00e9es d&#8217;utilisation.<\/li>\n\n\n\n<li>M\u00e9tadonn\u00e9es, donn\u00e9es de communication et de proc\u00e9dure.<\/li>\n\n\n\n<li>Erreurs et pannes de l&#8217;application.<\/li>\n\n\n\n<li>Adresse e-mail<\/li>\n\n\n\n<li>Nom<\/li>\n<\/ul>\n\n\n\n<h3 class=\"wp-block-heading\" style=\"font-size:1.5rem\"><strong>Finalit\u00e9s du traitement<\/strong><\/h3>\n\n\n\n<ul class=\"wp-block-list\">\n<li>Mesure de la port\u00e9e.<\/li>\n\n\n\n<li>Profils contenant des informations relatives \u00e0 l&#8217;utilisateur.<\/li>\n\n\n\n<li>Mise \u00e0 disposition de notre offre en ligne et exp\u00e9rience utilisateur.<\/li>\n\n\n\n<li>D\u00e9tection des pannes et des erreurs afin d&#8217;optimiser l&#8217;application.<\/li>\n\n\n\n<li>Service \u00e0 la client\u00e8le<\/li>\n<\/ul>\n\n\n\n<h3 class=\"wp-block-heading\" style=\"font-size:1.5rem\"><strong>Bases juridiques applicables<\/strong><\/h3>\n\n\n\n<p>Vous trouverez ci-apr\u00e8s un aper\u00e7u de la base juridique du RGPD sur la base de laquelle nous traitons les donn\u00e9es \u00e0 caract\u00e8re personnel. Veuillez noter qu&#8217;en plus des dispositions du RGPD, des r\u00e9glementations nationales en mati\u00e8re de protection des donn\u00e9es peuvent s&#8217;appliquer dans votre ou notre pays de r\u00e9sidence ou de domicile. Si, en outre, des bases juridiques plus sp\u00e9cifiques sont pertinentes dans des cas particuliers, nous vous en informerons dans la d\u00e9claration de protection des donn\u00e9es.<\/p>\n\n\n\n<ul class=\"wp-block-list\">\n<li>Consentement (Art. 6 para. 1 p. 1 lit. a) RGPD) &#8211; La personne concern\u00e9e a donn\u00e9 son consentement au traitement des donn\u00e9es personnelles la concernant pour une ou plusieurs finalit\u00e9s sp\u00e9cifiques.<\/li>\n<\/ul>\n\n\n\n<p>Outre les r\u00e8gles de protection des donn\u00e9es du RGPD, des r\u00e9glementations nationales sur la protection des donn\u00e9es s&#8217;appliquent en Allemagne. Il s&#8217;agit notamment de la loi sur la protection contre l&#8217;utilisation abusive des donn\u00e9es personnelles dans le cadre du traitement des donn\u00e9es (loi f\u00e9d\u00e9rale sur la protection des donn\u00e9es &#8211; BDSG). La BDSG contient notamment des dispositions sp\u00e9ciales sur le droit \u00e0 l&#8217;information, le droit \u00e0 l&#8217;effacement, le droit d&#8217;opposition, le traitement de cat\u00e9gories particuli\u00e8res de donn\u00e9es \u00e0 caract\u00e8re personnel, le traitement \u00e0 d&#8217;autres fins et la transmission, ainsi que la prise de d\u00e9cision automatis\u00e9e dans des cas individuels, y compris le profilage. En outre, elle r\u00e9glemente le traitement des donn\u00e9es \u00e0 des fins d&#8217;emploi (article 26 de la BDSG), en particulier en ce qui concerne l&#8217;\u00e9tablissement, la mise en \u0153uvre ou la r\u00e9siliation des relations de travail ainsi que le consentement des employ\u00e9s. En outre, les lois sur la protection des donn\u00e9es des diff\u00e9rents \u00c9tats f\u00e9d\u00e9raux peuvent s&#8217;appliquer.<\/p>\n\n\n\n<h3 class=\"wp-block-heading\" style=\"font-size:1.5rem\"><strong>Mesures de s\u00e9curit\u00e9<\/strong><\/h3>\n\n\n\n<p>Nous prenons les mesures techniques et organisationnelles appropri\u00e9es conform\u00e9ment aux exigences l\u00e9gales, en tenant compte de l&#8217;\u00e9tat de la technique, des co\u00fbts de mise en \u0153uvre et de la nature, de la port\u00e9e, des circonstances et des finalit\u00e9s du traitement, ainsi que des diff\u00e9rentes probabilit\u00e9s d&#8217;occurrence et de l&#8217;ampleur de la menace pour les droits et libert\u00e9s des personnes physiques, afin d&#8217;assurer un niveau de protection adapt\u00e9 au risque.<\/p>\n\n\n\n<p>Les mesures comprennent notamment la sauvegarde de la confidentialit\u00e9, de l&#8217;int\u00e9grit\u00e9 et de la disponibilit\u00e9 des donn\u00e9es en contr\u00f4lant l&#8217;acc\u00e8s physique et \u00e9lectronique aux donn\u00e9es ainsi que l&#8217;acc\u00e8s aux donn\u00e9es, leur saisie, leur divulgation, l&#8217;assurance de leur disponibilit\u00e9 et leur s\u00e9paration. En outre, nous avons \u00e9tabli des proc\u00e9dures pour garantir l&#8217;exercice des droits des personnes concern\u00e9es, la suppression des donn\u00e9es et les r\u00e9ponses \u00e0 la compromission des donn\u00e9es. En outre, nous prenons d\u00e9j\u00e0 en compte la protection des donn\u00e9es \u00e0 caract\u00e8re personnel lors du d\u00e9veloppement ou de la s\u00e9lection du mat\u00e9riel, des logiciels et des proc\u00e9dures conform\u00e9ment au principe de la protection des donn\u00e9es, par la conception de la technologie et par des param\u00e8tres par d\u00e9faut respectueux de la protection des donn\u00e9es.<\/p>\n\n\n\n<p>Cryptage TLS (https) : Pour prot\u00e9ger vos donn\u00e9es transmises via notre offre en ligne, nous utilisons le cryptage TLS. Ces connexions crypt\u00e9es sont reconnaissables au pr\u00e9fixe https:\/\/ dans la barre d&#8217;adresse de votre navigateur.<\/p>\n\n\n\n<h3 class=\"wp-block-heading\" style=\"font-size:1.5rem\"><strong>Suppression des donn\u00e9es<\/strong><\/h3>\n\n\n\n<p>Les donn\u00e9es que nous traitons seront effac\u00e9es conform\u00e9ment aux exigences l\u00e9gales d\u00e8s que les consentements autoris\u00e9s pour le traitement sont r\u00e9voqu\u00e9s ou que d&#8217;autres autorisations cessent de s&#8217;appliquer (par exemple, si la finalit\u00e9 du traitement de ces donn\u00e9es a cess\u00e9 de s&#8217;appliquer ou si elles ne sont pas n\u00e9cessaires \u00e0 cette fin). Si les donn\u00e9es ne sont pas effac\u00e9es parce qu&#8217;elles sont n\u00e9cessaires \u00e0 d&#8217;autres fins l\u00e9galement autoris\u00e9es, leur traitement sera limit\u00e9 \u00e0 ces fins. En d&#8217;autres termes, les donn\u00e9es sont bloqu\u00e9es et ne sont pas trait\u00e9es \u00e0 d&#8217;autres fins. Cela s&#8217;applique, par exemple, aux donn\u00e9es qui doivent \u00eatre conserv\u00e9es pour des raisons de droit commercial ou fiscal ou dont la conservation est n\u00e9cessaire pour faire valoir, exercer ou d\u00e9fendre des droits en justice ou pour prot\u00e9ger les droits d&#8217;une autre personne physique ou morale.<\/p>\n\n\n\n<p>Nos avis de protection des donn\u00e9es peuvent \u00e9galement contenir d&#8217;autres d\u00e9tails sur la conservation et l&#8217;effacement des donn\u00e9es, qui sont prioritaires pour les op\u00e9rations de traitement respectives.<\/p>\n\n\n\n<h3 class=\"wp-block-heading\" style=\"font-size:1.5rem\"><strong>Analyse, rapports sur les accidents et optimisation<\/strong><\/h3>\n\n\n\n<p><strong><strong>Analyse<\/strong><\/strong><br>L&#8217;analyse (\u00e9galement appel\u00e9e &#8220;mesure de la port\u00e9e&#8221;) sert \u00e0 \u00e9valuer le flux de visiteurs de notre offre en ligne et peut inclure le comportement, les int\u00e9r\u00eats ou des informations d\u00e9mographiques sur les visiteurs, telles que l&#8217;\u00e2ge ou le sexe, sous forme de valeurs pseudonymes. L&#8217;analyse de la port\u00e9e nous permet de savoir, par exemple, \u00e0 quel moment notre offre en ligne, ses fonctions ou son contenu sont le plus fr\u00e9quemment utilis\u00e9s ou invitent \u00e0 la r\u00e9utilisation. De m\u00eame, nous pouvons comprendre quels domaines doivent \u00eatre optimis\u00e9s.<\/p>\n\n\n\n<p><strong>Optimisation<\/strong><br>Outre l&#8217;analyse, nous pouvons \u00e9galement utiliser des proc\u00e9dures de test, par exemple pour tester et optimiser diff\u00e9rentes versions de notre offre en ligne ou de ses composants.<\/p>\n\n\n\n<p><strong>Rapport crashs d&#8217;applications<\/strong><br>Afin d&#8217;optimiser l&#8217;application, des services sont utilis\u00e9s pour signaler les pannes et les erreurs de l&#8217;application. L&#8217;utilisation de Crashlytics nous aide \u00e0 am\u00e9liorer et \u00e0 stabiliser notre application. \u00c0 cette fin, Crashlytics enregistre les donn\u00e9es relatives aux pannes et leurs causes techniques. D\u00e8s que l&#8217;application se bloque sur l&#8217;appareil de l&#8217;utilisateur, Crashlytics collecte des donn\u00e9es qui peuvent \u00eatre utilis\u00e9es pour mieux analyser la raison du blocage de l&#8217;application et cr\u00e9e un rapport de blocage \u00e0 partir de ces donn\u00e9es. \u00c0 l&#8217;aide de ce rapport, nous pouvons ensuite analyser les erreurs et les \u00e9viter \u00e0 l&#8217;avenir en d\u00e9veloppant davantage l&#8217;application.<\/p>\n\n\n\n<p><strong>Donn\u00e9es trait\u00e9es<\/strong><br>Sauf indication contraire ci-dessous, des profils, c&#8217;est-\u00e0-dire des donn\u00e9es r\u00e9sum\u00e9es pour un processus d&#8217;utilisation, peuvent \u00eatre cr\u00e9\u00e9s \u00e0 ces fins et des informations peuvent \u00eatre stock\u00e9es dans un navigateur ou dans un terminal et lues \u00e0 partir de celui-ci. Les informations collect\u00e9es comprennent notamment les sites web visit\u00e9s et les \u00e9l\u00e9ments qui y sont utilis\u00e9s, ainsi que des informations techniques telles que le navigateur utilis\u00e9, le syst\u00e8me informatique utilis\u00e9 et des informations sur les dur\u00e9es d&#8217;utilisation. En r\u00e8gle g\u00e9n\u00e9rale, dans le cadre de l&#8217;analyse, des tests A\/B, des rapports de collision et de l&#8217;optimisation, aucune donn\u00e9e d&#8217;utilisateur claire (comme les adresses \u00e9lectroniques ou les noms) n&#8217;est stock\u00e9e, mais des pseudonymes. Cela signifie que nous, ainsi que les fournisseurs des logiciels utilis\u00e9s, ne connaissons pas l&#8217;identit\u00e9 r\u00e9elle des utilisateurs, mais seulement les informations stock\u00e9es dans leurs profils aux fins de la proc\u00e9dure respectives.<\/p>\n\n\n\n<ul class=\"wp-block-list\">\n<li>Types de donn\u00e9es trait\u00e9es : Donn\u00e9es d&#8217;utilisation (pages visit\u00e9es dans l&#8217;application, pages web, int\u00e9r\u00eat pour le contenu, temps d&#8217;acc\u00e8s), m\u00e9tadonn\u00e9es, donn\u00e9es de communication et de proc\u00e9dure (horodatage, num\u00e9ros d&#8217;identification, statut du consentement) et rapports de panne de l&#8217;application.<\/li>\n\n\n\n<li>Personnes concern\u00e9es : Les utilisateurs (par exemple, les visiteurs de sites web, les utilisateurs de services en ligne).<\/li>\n\n\n\n<li>Finalit\u00e9s du traitement : Mesure de la port\u00e9e (par exemple, statistiques d&#8217;acc\u00e8s, reconnaissance des visiteurs qui reviennent) ; profils avec des informations relatives \u00e0 l&#8217;utilisateur (cr\u00e9ation de profils d&#8217;utilisateur), mise \u00e0 disposition de notre offre en ligne et convivialit\u00e9, corrections d&#8217;erreurs et optimisations de l&#8217;application.<\/li>\n\n\n\n<li>Mesures de s\u00e9curit\u00e9 : Masquage IP (pseudonymisation de l&#8217;adresse IP).<\/li>\n\n\n\n<li>Base juridique : Consentement (Art. 6 para. 1 p. 1 lit. a) RGPD).<\/li>\n<\/ul>\n\n\n\n<p><strong>Plus d&#8217;informations sur les op\u00e9rations de traitement, les proc\u00e9dures et les services :<\/strong><\/p>\n\n\n\n<ul class=\"wp-block-list\">\n<li><strong>Firebase Google Analytics, Crashlytics<\/strong> : Analyse Web, crashs d&#8217;applications, mesure de la port\u00e9e et mesure du flux d&#8217;utilisateurs ; fournisseur de services : Google Ireland Limited, Gordon House, Barrow Street, Dublin 4, Irlande<\/li>\n<\/ul>\n\n\n\n<h3 class=\"wp-block-heading\"><strong>Contact par E-mail<\/strong><\/h3>\n\n\n\n<p>Si vous utilisez notre bouton de contact dans l&#8217;application pour nous contacter, nous collectons les donn\u00e9es personnelles suivantes que vous fournissez : Nom, Adresse e-mail. Ces donn\u00e9es sont utilis\u00e9es pour r\u00e9pondre \u00e0 votre demande et fournir le service client correspondant.<\/p>\n\n\n\n<p>La base l\u00e9gale pour le traitement de ces donn\u00e9es est votre consentement, que vous donnez en soumettant le formulaire de contact. Vous avez le droit de retirer votre consentement \u00e0 tout moment en nous contactant ou en envoyant un e-mail \u00e0 <a>info@tapwork.de<\/a>.<\/p>\n\n\n\n<p>Nous n&#8217;utilisons les donn\u00e9es collect\u00e9es via le formulaire de contact que pour les finalit\u00e9s mentionn\u00e9es ci-dessus et ne les partageons pas avec des tiers sans votre consentement, sauf si la loi l&#8217;exige.<\/p>\n\n\n\n<p>Vos donn\u00e9es collect\u00e9es via l&#8217;application e-mail ne seront conserv\u00e9es que le temps n\u00e9cessaire pour traiter votre demande, sauf obligations l\u00e9gales de conservation plus longue.<\/p>\n\n\n\n<p>Nous avons mis en place des mesures techniques et organisationnelles appropri\u00e9es pour garantir la s\u00e9curit\u00e9 de vos donn\u00e9es et pr\u00e9venir tout acc\u00e8s non autoris\u00e9, perte, utilisation abusive ou alt\u00e9ration.<\/p>\n\n\n\n<h3 class=\"wp-block-heading\"><strong>Droits des utilisateurs<\/strong><\/h3>\n\n\n\n<p>En tant que personne concern\u00e9e, vous disposez de divers droits en vertu du RGPD, qui d\u00e9coulent notamment des art. 15 \u00e0 21 du RGPD :<\/p>\n\n\n\n<ul class=\"wp-block-list\">\n<li>Droit d&#8217;opposition : Vous avez le droit de vous opposer \u00e0 tout moment, pour des raisons tenant \u00e0 votre situation particuli\u00e8re, au traitement des donn\u00e9es \u00e0 caract\u00e8re personnel vous concernant qui est effectu\u00e9 sur la base de l&#8217;article 6, paragraphe 1, point e) ou f), de la RGPD ; cela s&#8217;applique \u00e9galement au profilage fond\u00e9 sur ces dispositions. Si les donn\u00e9es personnelles vous concernant sont trait\u00e9es \u00e0 des fins de marketing direct, vous avez le droit de vous opposer \u00e0 tout moment au traitement des donn\u00e9es personnelles vous concernant \u00e0 des fins de marketing direct ; cela s&#8217;applique \u00e9galement au profilage dans la mesure o\u00f9 il est li\u00e9 \u00e0 ce marketing direct.<\/li>\n\n\n\n<li>Droit de retirer son consentement : Vous avez le droit de r\u00e9voquer \u00e0 tout moment le consentement que vous avez donn\u00e9.<\/li>\n\n\n\n<li>Droit \u00e0 l&#8217;information : vous avez le droit de demander la confirmation que des donn\u00e9es sont trait\u00e9es et des informations sur ces donn\u00e9es, ainsi que des informations compl\u00e9mentaires et une copie des donn\u00e9es conform\u00e9ment aux exigences l\u00e9gales.<\/li>\n\n\n\n<li>Droit de rectification : vous avez le droit, conform\u00e9ment \u00e0 la loi, de demander que les donn\u00e9es vous concernant soient compl\u00e9t\u00e9es ou que les donn\u00e9es inexactes vous concernant soient rectifi\u00e9es.<\/li>\n\n\n\n<li>Droit \u00e0 l&#8217;effacement et \u00e0 la limitation du traitement : Conform\u00e9ment aux dispositions l\u00e9gales, vous avez le droit d&#8217;exiger que les donn\u00e9es vous concernant soient effac\u00e9es sans d\u00e9lai, ou alternativement, conform\u00e9ment aux dispositions l\u00e9gales, d&#8217;exiger la limitation du traitement des donn\u00e9es.<\/li>\n\n\n\n<li>Droit \u00e0 la portabilit\u00e9 des donn\u00e9es : Vous avez le droit de recevoir les donn\u00e9es vous concernant, que vous nous avez fournies, dans un format structur\u00e9, commun et lisible par machine, conform\u00e9ment aux exigences l\u00e9gales, ou d&#8217;exiger leur transfert \u00e0 une autre partie responsable.<\/li>\n\n\n\n<li>Plainte aupr\u00e8s de l&#8217;autorit\u00e9 de contr\u00f4le : Sans pr\u00e9judice de tout autre recours administratif ou juridictionnel, vous avez le droit d&#8217;introduire une r\u00e9clamation aupr\u00e8s d&#8217;une autorit\u00e9 de contr\u00f4le, en particulier dans l&#8217;\u00c9tat membre de votre r\u00e9sidence habituelle, de votre lieu de travail ou du lieu de l&#8217;infraction pr\u00e9sum\u00e9e, si vous estimez que le traitement des donn\u00e9es \u00e0 caract\u00e8re personnel vous concernant enfreint les exigences du RGPD.<\/li>\n<\/ul>\n\n\n\n<p><\/p>\n","protected":false},"excerpt":{"rendered":"<p>SolarDashboard Par la pr\u00e9sente d\u00e9claration de protection des donn\u00e9es, nous souhaitons vous informer des types de donn\u00e9es \u00e0 caract\u00e8re personnel vous concernant (ci-apr\u00e8s d\u00e9nomm\u00e9es &#8220;donn\u00e9es&#8221;) que nous traitons, \u00e0 quelles fins et dans quelle mesure dans le cadre de la mise \u00e0 disposition de notre application.Derni\u00e8re mise \u00e0 jour : 25 avril 2024 G\u00e9n\u00e9ral L&#8217;application [&hellip;]<\/p>\n","protected":false},"author":1,"featured_media":0,"parent":0,"menu_order":0,"comment_status":"closed","ping_status":"closed","template":"","meta":{"_uag_custom_page_level_css":"","site-sidebar-layout":"default","site-content-layout":"","ast-site-content-layout":"default","site-content-style":"default","site-sidebar-style":"default","ast-global-header-display":"","ast-banner-title-visibility":"","ast-main-header-display":"","ast-hfb-above-header-display":"","ast-hfb-below-header-display":"","ast-hfb-mobile-header-display":"","site-post-title":"","ast-breadcrumbs-content":"","ast-featured-img":"","footer-sml-layout":"","theme-transparent-header-meta":"","adv-header-id-meta":"","stick-header-meta":"","header-above-stick-meta":"","header-main-stick-meta":"","header-below-stick-meta":"","astra-migrate-meta-layouts":"set","ast-page-background-enabled":"default","ast-page-background-meta":{"desktop":{"background-color":"var(--ast-global-color-4)","background-image":"","background-repeat":"repeat","background-position":"center center","background-size":"auto","background-attachment":"scroll","background-type":"","background-media":"","overlay-type":"","overlay-color":"","overlay-opacity":"","overlay-gradient":""},"tablet":{"background-color":"","background-image":"","background-repeat":"repeat","background-position":"center center","background-size":"auto","background-attachment":"scroll","background-type":"","background-media":"","overlay-type":"","overlay-color":"","overlay-opacity":"","overlay-gradient":""},"mobile":{"background-color":"","background-image":"","background-repeat":"repeat","background-position":"center center","background-size":"auto","background-attachment":"scroll","background-type":"","background-media":"","overlay-type":"","overlay-color":"","overlay-opacity":"","overlay-gradient":""}},"ast-content-background-meta":{"desktop":{"background-color":"var(--ast-global-color-5)","background-image":"","background-repeat":"repeat","background-position":"center center","background-size":"auto","background-attachment":"scroll","background-type":"","background-media":"","overlay-type":"","overlay-color":"","overlay-opacity":"","overlay-gradient":""},"tablet":{"background-color":"var(--ast-global-color-5)","background-image":"","background-repeat":"repeat","background-position":"center center","background-size":"auto","background-attachment":"scroll","background-type":"","background-media":"","overlay-type":"","overlay-color":"","overlay-opacity":"","overlay-gradient":""},"mobile":{"background-color":"var(--ast-global-color-5)","background-image":"","background-repeat":"repeat","background-position":"center center","background-size":"auto","background-attachment":"scroll","background-type":"","background-media":"","overlay-type":"","overlay-color":"","overlay-opacity":"","overlay-gradient":""}},"footnotes":""},"class_list":["post-66","page","type-page","status-publish","hentry"],"uagb_featured_image_src":{"full":false,"thumbnail":false,"medium":false,"medium_large":false,"large":false,"1536x1536":false,"2048x2048":false,"trp-custom-language-flag":false},"uagb_author_info":{"display_name":"admin","author_link":"https:\/\/solardashboard.tapwork.de\/en\/author\/admin\/"},"uagb_comment_info":0,"uagb_excerpt":"SolarDashboard Par la pr\u00e9sente d\u00e9claration de protection des donn\u00e9es, nous souhaitons vous informer des types de donn\u00e9es \u00e0 caract\u00e8re personnel vous concernant (ci-apr\u00e8s d\u00e9nomm\u00e9es &#8220;donn\u00e9es&#8221;) que nous traitons, \u00e0 quelles fins et dans quelle mesure dans le cadre de la mise \u00e0 disposition de notre application.Derni\u00e8re mise \u00e0 jour : 25 avril 2024 G\u00e9n\u00e9ral L&#8217;application&hellip;","_links":{"self":[{"href":"https:\/\/solardashboard.tapwork.de\/en\/wp-json\/wp\/v2\/pages\/66","targetHints":{"allow":["GET"]}}],"collection":[{"href":"https:\/\/solardashboard.tapwork.de\/en\/wp-json\/wp\/v2\/pages"}],"about":[{"href":"https:\/\/solardashboard.tapwork.de\/en\/wp-json\/wp\/v2\/types\/page"}],"author":[{"embeddable":true,"href":"https:\/\/solardashboard.tapwork.de\/en\/wp-json\/wp\/v2\/users\/1"}],"replies":[{"embeddable":true,"href":"https:\/\/solardashboard.tapwork.de\/en\/wp-json\/wp\/v2\/comments?post=66"}],"version-history":[{"count":9,"href":"https:\/\/solardashboard.tapwork.de\/en\/wp-json\/wp\/v2\/pages\/66\/revisions"}],"predecessor-version":[{"id":1622,"href":"https:\/\/solardashboard.tapwork.de\/en\/wp-json\/wp\/v2\/pages\/66\/revisions\/1622"}],"wp:attachment":[{"href":"https:\/\/solardashboard.tapwork.de\/en\/wp-json\/wp\/v2\/media?parent=66"}],"curies":[{"name":"wp","href":"https:\/\/api.w.org\/{rel}","templated":true}]}}