{"id":54,"date":"2023-04-24T16:16:33","date_gmt":"2023-04-24T16:16:33","guid":{"rendered":"https:\/\/solardashboard.tapwork.de\/?page_id=54"},"modified":"2024-04-23T06:40:27","modified_gmt":"2024-04-23T06:40:27","slug":"nutzungsbedingungen","status":"publish","type":"page","link":"https:\/\/solardashboard.tapwork.de\/en\/nutzungsbedingungen\/","title":{"rendered":"Nutzungsbedingungen"},"content":{"rendered":"\n<h3 class=\"wp-block-heading\"><strong>SolarDashboard<\/strong><\/h3>\n\n\n\n<p>Im Folgenden finden Sie die Nutzungsbedingungen f\u00fcr die SolarDashboard-App. Wir legen gro\u00dfen Wert auf den Schutz Ihrer pers\u00f6nlichen Daten. Bitte beachten Sie auch unsere Datenschutzrichtlinie. Diese sind Bestandteil der vorliegenden Nutzungsbedingungen.<\/p>\n\n\n\n<h3 class=\"wp-block-heading\"><strong>Geltungsbereich dieser Nutzungsbedingungen<\/strong><\/h3>\n\n\n\n<p>SolarDashboard ist eine App zur \u00dcberwachung der Leistung Ihrer Photovoltaikanlage. Dar\u00fcber hinaus erm\u00f6glicht die App die solarabh\u00e4ngige Steuerung von Ger\u00e4ten &#8211; wie HomeKit, Ladeger\u00e4ten zu Hause oder Elektrofahrzeugen, sodass Sie z. B. Ihr Elektrofahrzeug mit \u00fcbersch\u00fcssiger Solarenergie laden k\u00f6nnen.<br>Durch die Nutzung der SolarDashboard-App akzeptieren Sie die Nutzungsbedingungen von SolarDashboard.<\/p>\n\n\n\n<h3 class=\"wp-block-heading\"><strong>Kontakt<\/strong><\/h3>\n\n\n\n<p>Wenn Sie Fragen zu unserer App haben, erreichen Sie uns unter den folgenden Kontaktdaten:<\/p>\n\n\n\n<p>TAPWORK GmbH<br>Bachstrasse 22<br>52066 Aachen<br>Deutschland<\/p>\n\n\n\n<p>E-Mail: info@tapwork.de<\/p>\n\n\n\n<h3 class=\"wp-block-heading\"><strong>Kosten f\u00fcr die Nutzung der Dienste von SolarDashboard Verbindungsentgelte<\/strong><\/h3>\n\n\n\n<p>Die Grundfunktionen von SolarDashboard werden kostenlos zur Verf\u00fcgung gestellt. Diese umfassen die Anzeige der Solar- und Verbrauchswerte der Solaranlage, die Anbindung von E-Autos, Wallboxen und HomeKit Ger\u00e4ten. Weiterhin ist auch eine Schaltung dieser Ger\u00e4te abh\u00e4ngig vom Solarstrom kostenlos m\u00f6glich. Einige erweiterte Funktionen, wie das Laden und Schalten mit Solar\u00fcberschuss, stehen gegen eine monatliche Geb\u00fchr zur Verf\u00fcgung. Informationen zu den verf\u00fcgbaren Zusatzfunktionen sind innerhalb der App zu finden. Das monatliche Abonnement f\u00fcr die Zusatzfunktionen wird \u00fcber das Bezahlsystem von Apple abgerechnet. Die Kosten f\u00fcr das Abonnement k\u00f6nnen je nach Verf\u00fcgbarkeit und Land variieren und sind innerhalb der App einsehbar. Das Abonnement ist jederzeit k\u00fcndbar.<\/p>\n\n\n\n<h3 class=\"wp-block-heading\"><strong>\u00c4nderung des Leistungsumfangs von SolarDashboard<\/strong><\/h3>\n\n\n\n<p>SolarDashboard beh\u00e4lt sich das Recht vor, den Inhalt, die Grafiken und\/oder die Funktionalit\u00e4ten der SolarDashboard-App und\/oder der von SolarDashboard angebotenen L\u00f6sungen jederzeit zu \u00e4ndern, zu erweitern, zu begrenzen oder einzustellen. Gleiches gilt f\u00fcr die von SolarDashboard angebotenen Dienste.<\/p>\n\n\n\n<h3 class=\"wp-block-heading\"><strong>Verf\u00fcgbarkeit<\/strong><\/h3>\n\n\n\n<p>Der Benutzer erkennt an, dass SolarDashboard technisch keine zeitlich ununterbrochene Verf\u00fcgbarkeit seiner eigenen App und der Dienste von Drittanbietern (insbesondere die Verbindung zu den Systemen der Elektrofahrzeuge oder Solarwechselrichter oder Heimladeger\u00e4te) garantieren kann und dass der Benutzer keinen Anspruch gegen SolarDashboard auf eine solche kontinuierliche Verf\u00fcgbarkeit hat. Insbesondere beh\u00e4lt sich SolarDashboard das Recht vor, seine Dienste aus Wartungs-, Sicherheits- oder Kapazit\u00e4tsgr\u00fcnden nach eigenem Ermessen zu begrenzen oder vor\u00fcbergehend auszusetzen.<\/p>\n\n\n\n<h3 class=\"wp-block-heading\"><strong>Pflichten des Benutzers<\/strong><\/h3>\n\n\n\n<p>Private und kommerzielle Nutzung:<br> Der Benutzer verpflichtet sich, SolarDashboard nur rechtm\u00e4\u00dfig, vern\u00fcnftig und gem\u00e4\u00df diesen Nutzungsbedingungen und etwaigen anderen einschl\u00e4gigen Nutzungsbedingungen, Richtlinien oder Leitlinien zu verwenden. Daher ist es dem Benutzer nicht gestattet, die von SolarDashboard bereitgestellten und \u00f6ffentlich zug\u00e4nglichen Dienste auf der SolarDashboard-Plattform, einschlie\u00dflich jeglichen Inhalts und jeglicher Funktionalit\u00e4t, in einer anderen Weise als beschrieben und bereitgestellt zu verwenden.<\/p>\n\n\n\n<p>St\u00f6rungen und Missbrauch sind zu unterlassen:<br> Der Benutzer ist au\u00dferdem verpflichtet, alle Handlungen zu unterlassen, die die Funktionalit\u00e4t der SolarDashboard-Plattform und der Dienste von SolarDashboard beeintr\u00e4chtigen k\u00f6nnten, insbesondere sie zu \u00fcberlasten.<\/p>\n\n\n\n<h3 class=\"wp-block-heading\"><strong>Haftung von SolarDashboard<\/strong><\/h3>\n\n\n\n<p>F\u00fcr Sch\u00e4den, die einem Benutzer durch eine leicht fahrl\u00e4ssige Pflichtverletzung von SolarDashboard entstehen, haftet SolarDashboard nur insoweit, als der Schaden vorhersehbar und typisch f\u00fcr die Art des Dienstes ist und direkt durch die Pflichtverletzung verursacht wird. Insbesondere ist die Haftung f\u00fcr Datenverlust auf den typischen Wiederherstellungsaufwand beschr\u00e4nkt, der entstanden w\u00e4re, wenn regelm\u00e4\u00dfig Sicherungskopien gemacht worden w\u00e4ren und zwar entsprechend dem Risiko. Wenn die leicht fahrl\u00e4ssige Pflichtverletzung nicht wesentlich f\u00fcr die Erreichung des Vertragszwecks ist, ist die Haftung von SolarDashboard ausgeschlossen.<br> SolarDashboard \u00fcbernimmt keine Garantie f\u00fcr die Funktionalit\u00e4t extern verbundener Dienste von Drittanbietern (Elektrofahrzeuge, Solarwechselrichter, Heimladeger\u00e4te oder HomeKit-Ger\u00e4te). Dar\u00fcber hinaus haftet SolarDashboard nicht f\u00fcr M\u00e4ngel, Fehler oder Sch\u00e4den, die im Zusammenhang mit Diensten von Drittanbietern entstehen.<\/p>\n\n\n\n<p>Die vorstehenden Haftungsbeschr\u00e4nkungen umfassen auch Anspr\u00fcche des Benutzers auf Erstattung von Aufwendungen, die der Benutzer get\u00e4tigt hat und h\u00e4tte t\u00e4tigen k\u00f6nnen, wenn er sich auf den Erhalt eines Dienstes gem\u00e4\u00df dem Vertrag verlassen hat.<\/p>\n\n\n\n<p>Dar\u00fcber hinaus haftet SolarDashboard gegen\u00fcber Benutzern ohne Einschr\u00e4nkung f\u00fcr Sch\u00e4den, die durch Haftung nach zwingenden gesetzlichen Bestimmungen und im Falle der \u00dcbernahme einer Garantie durch SolarDashboard abgedeckt sind.<br> Sofern in den oben genannten Bestimmungen nichts anderes angegeben ist, ist jede Haftung von SolarDashboard &#8211; aus welchem Rechtsgrund auch immer &#8211; ausgeschlossen.<\/p>\n\n\n\n<h3 class=\"wp-block-heading\"><strong>Datenschutz<\/strong><\/h3>\n\n\n\n<p>SolarDashboard verarbeitet die vom Benutzer bereitgestellten Daten nur elektronisch f\u00fcr Zwecke, die sich aus dem vom Benutzer geschlossenen Vertrag f\u00fcr die Nutzung der Dienste von SolarDashboard ergeben. SolarDashboard wird die Daten daher nur im Rahmen des Vertragszwecks an Dritte weitergeben.<\/p>\n\n\n\n<p>Weitere Einzelheiten werden separat in der <a href=\"https:\/\/solardashboard.tapwork.de\/en\/solardashboard-datenschutzerklarung\/\" data-type=\"URL\" data-id=\"https:\/\/solardashboard.tapwork.de\/en\/solardashboard-datenschutzerklarung\/\">Datenschutzrichtlinie<\/a> bereitgestellt.<\/p>\n\n\n\n<h3 class=\"wp-block-heading\"><strong>Schlussbestimmungen<\/strong><\/h3>\n\n\n\n<p>SolarDashboard beh\u00e4lt sich das Recht vor, diese Nutzungsbedingungen jederzeit und ohne Angabe von Gr\u00fcnden zu \u00e4ndern, es sei denn, dies ist f\u00fcr den Benutzer nicht zumutbar. SolarDashboard wird den Benutzer rechtzeitig \u00fcber \u00c4nderungen der Nutzungsbedingungen informieren. Wenn der Benutzer der G\u00fcltigkeit der neuen Nutzungsbedingungen nicht innerhalb von sechs (6) Wochen nach Benachrichtigung widerspricht, gelten die ge\u00e4nderten Nutzungsbedingungen als vom Benutzer akzeptiert. SolarDashboard wird den Benutzer in der Benachrichtigung \u00fcber sein Widerspruchsrecht und die Bedeutung der Widerspruchsfrist informieren.<\/p>\n\n\n\n<p>Sofern nicht anders vereinbart, kann der Benutzer alle Erkl\u00e4rungen an SolarDashboard per E-Mail senden oder sie per Post an SolarDashboard senden.<\/p>\n\n\n\n<p>Diese Nutzungsbedingungen unterliegen dem Recht der Bundesrepublik Deutschland unter Ausschluss des UN-Kaufrechts (CISG).<\/p>\n\n\n\n<p>Der ausschlie\u00dfliche Gerichtsstand f\u00fcr alle Streitigkeiten aus diesen Nutzungsbedingungen ist der Sitz des Diensteanbieters, soweit eine solche Gerichtsstandsvereinbarung zul\u00e4ssig ist.<\/p>\n\n\n\n<p>Sollten einzelne Bestimmungen dieser Nutzungsbedingungen unwirksam sein oder unwirksam werden, so ber\u00fchrt dies die Wirksamkeit der \u00fcbrigen Bestimmungen nicht.<\/p>\n","protected":false},"excerpt":{"rendered":"<p>SolarDashboard Im Folgenden finden Sie die Nutzungsbedingungen f\u00fcr die SolarDashboard-App. Wir legen gro\u00dfen Wert auf den Schutz Ihrer pers\u00f6nlichen Daten. Bitte beachten Sie auch unsere Datenschutzrichtlinie. Diese sind Bestandteil der vorliegenden Nutzungsbedingungen. Geltungsbereich dieser Nutzungsbedingungen SolarDashboard ist eine App zur \u00dcberwachung der Leistung Ihrer Photovoltaikanlage. Dar\u00fcber hinaus erm\u00f6glicht die App die solarabh\u00e4ngige Steuerung von Ger\u00e4ten [&hellip;]<\/p>\n","protected":false},"author":1,"featured_media":0,"parent":0,"menu_order":0,"comment_status":"closed","ping_status":"closed","template":"","meta":{"_uag_custom_page_level_css":"","site-sidebar-layout":"default","site-content-layout":"","ast-site-content-layout":"default","site-content-style":"default","site-sidebar-style":"default","ast-global-header-display":"","ast-banner-title-visibility":"","ast-main-header-display":"","ast-hfb-above-header-display":"","ast-hfb-below-header-display":"","ast-hfb-mobile-header-display":"","site-post-title":"","ast-breadcrumbs-content":"","ast-featured-img":"","footer-sml-layout":"","theme-transparent-header-meta":"","adv-header-id-meta":"","stick-header-meta":"","header-above-stick-meta":"","header-main-stick-meta":"","header-below-stick-meta":"","astra-migrate-meta-layouts":"set","ast-page-background-enabled":"default","ast-page-background-meta":{"desktop":{"background-color":"var(--ast-global-color-4)","background-image":"","background-repeat":"repeat","background-position":"center center","background-size":"auto","background-attachment":"scroll","background-type":"","background-media":"","overlay-type":"","overlay-color":"","overlay-opacity":"","overlay-gradient":""},"tablet":{"background-color":"","background-image":"","background-repeat":"repeat","background-position":"center center","background-size":"auto","background-attachment":"scroll","background-type":"","background-media":"","overlay-type":"","overlay-color":"","overlay-opacity":"","overlay-gradient":""},"mobile":{"background-color":"","background-image":"","background-repeat":"repeat","background-position":"center center","background-size":"auto","background-attachment":"scroll","background-type":"","background-media":"","overlay-type":"","overlay-color":"","overlay-opacity":"","overlay-gradient":""}},"ast-content-background-meta":{"desktop":{"background-color":"var(--ast-global-color-5)","background-image":"","background-repeat":"repeat","background-position":"center center","background-size":"auto","background-attachment":"scroll","background-type":"","background-media":"","overlay-type":"","overlay-color":"","overlay-opacity":"","overlay-gradient":""},"tablet":{"background-color":"var(--ast-global-color-5)","background-image":"","background-repeat":"repeat","background-position":"center center","background-size":"auto","background-attachment":"scroll","background-type":"","background-media":"","overlay-type":"","overlay-color":"","overlay-opacity":"","overlay-gradient":""},"mobile":{"background-color":"var(--ast-global-color-5)","background-image":"","background-repeat":"repeat","background-position":"center center","background-size":"auto","background-attachment":"scroll","background-type":"","background-media":"","overlay-type":"","overlay-color":"","overlay-opacity":"","overlay-gradient":""}},"footnotes":""},"class_list":["post-54","page","type-page","status-publish","hentry"],"uagb_featured_image_src":{"full":false,"thumbnail":false,"medium":false,"medium_large":false,"large":false,"1536x1536":false,"2048x2048":false,"trp-custom-language-flag":false},"uagb_author_info":{"display_name":"admin","author_link":"https:\/\/solardashboard.tapwork.de\/en\/author\/admin\/"},"uagb_comment_info":0,"uagb_excerpt":"SolarDashboard Im Folgenden finden Sie die Nutzungsbedingungen f\u00fcr die SolarDashboard-App. Wir legen gro\u00dfen Wert auf den Schutz Ihrer pers\u00f6nlichen Daten. Bitte beachten Sie auch unsere Datenschutzrichtlinie. Diese sind Bestandteil der vorliegenden Nutzungsbedingungen. Geltungsbereich dieser Nutzungsbedingungen SolarDashboard ist eine App zur \u00dcberwachung der Leistung Ihrer Photovoltaikanlage. Dar\u00fcber hinaus erm\u00f6glicht die App die solarabh\u00e4ngige Steuerung von Ger\u00e4ten&hellip;","_links":{"self":[{"href":"https:\/\/solardashboard.tapwork.de\/en\/wp-json\/wp\/v2\/pages\/54","targetHints":{"allow":["GET"]}}],"collection":[{"href":"https:\/\/solardashboard.tapwork.de\/en\/wp-json\/wp\/v2\/pages"}],"about":[{"href":"https:\/\/solardashboard.tapwork.de\/en\/wp-json\/wp\/v2\/types\/page"}],"author":[{"embeddable":true,"href":"https:\/\/solardashboard.tapwork.de\/en\/wp-json\/wp\/v2\/users\/1"}],"replies":[{"embeddable":true,"href":"https:\/\/solardashboard.tapwork.de\/en\/wp-json\/wp\/v2\/comments?post=54"}],"version-history":[{"count":20,"href":"https:\/\/solardashboard.tapwork.de\/en\/wp-json\/wp\/v2\/pages\/54\/revisions"}],"predecessor-version":[{"id":1601,"href":"https:\/\/solardashboard.tapwork.de\/en\/wp-json\/wp\/v2\/pages\/54\/revisions\/1601"}],"wp:attachment":[{"href":"https:\/\/solardashboard.tapwork.de\/en\/wp-json\/wp\/v2\/media?parent=54"}],"curies":[{"name":"wp","href":"https:\/\/api.w.org\/{rel}","templated":true}]}}