{"id":118,"date":"2023-10-16T12:46:38","date_gmt":"2023-10-16T12:46:38","guid":{"rendered":"https:\/\/solardashboard.tapwork.de\/?page_id=118"},"modified":"2025-07-25T21:11:27","modified_gmt":"2025-07-25T21:11:27","slug":"questions-frequentes","status":"publish","type":"page","link":"https:\/\/solardashboard.tapwork.de\/en\/questions-frequentes\/","title":{"rendered":"Questions fr\u00e9quentes"},"content":{"rendered":"\n<h3 class=\"wp-block-heading\"><strong>Qu&#8217;est-ce que SolarDashboard ?<\/strong><\/h3>\n\n\n\n<p>SolarDashboard peut surveiller ton installation photovolta\u00efque. Il affiche les valeurs solaires, les donn\u00e9es de consommation et l&#8217;\u00e9tat de la batterie de la maison. Gr\u00e2ce \u00e0 ces informations, SolarDashboard peut utiliser le surplus d&#8217;\u00e9nergie solaire. Tu peux ainsi faire fonctionner tes appareils avec l&#8217;\u00e9nergie verte de ton installation photovolta\u00efque. S&#8217;il n&#8217;y a plus assez d&#8217;\u00e9nergie solaire, les appareils s&#8217;\u00e9teignent \u00e0 nouveau. La charge dynamique avec surplus est m\u00eame prise en charge pour les bornes de recharge \u00e0 domicile. Cela signifie que la puissance de charge est automatiquement ajust\u00e9e en fonction de l\u2019\u00e9nergie exc\u00e9dentaire disponible, \u00e9vitant ainsi l\u2019achat d\u2019\u00e9lectricit\u00e9 suppl\u00e9mentaire.<\/p>\n\n\n\n<p><\/p>\n\n\n\n<h3 class=\"wp-block-heading\"><strong>Quels appareils sont pris en charge pour l&#8217;utilisation du surplus solaire ?<\/strong><\/h3>\n\n\n\n<p>SolarDashboard soutient l&#8217;utilisation de l&#8217;exc\u00e9dent solaire pour les appareils suivants :<\/p>\n\n\n\n<ul class=\"wp-block-list\">\n<li>V\u00e9hicules \u00e9lectriques : mod\u00e8les Volkswagen ID, \u0160koda Enyaq, Audi e-tron, Seat Cupra n\u00e9e et bient\u00f4t d&#8217;autres.<\/li>\n\n\n\n<li>Chargeur domestique EV : Easee, Fronius Wattpilot, go-e Charger (V2 et mod\u00e8les plus r\u00e9cents)<\/li>\n\n\n\n<li>HomeKit : Appareils intelligents compatibles avec HomeKit, comme les prises ou les interrupteurs.<\/li>\n<\/ul>\n\n\n\n<p><\/p>\n\n\n\n<h3 class=\"wp-block-heading\"><strong>Pourquoi les Tesla (S, 3, X, Y, Cybertruck) ne sont-elles plus prises en charge ?<\/strong><\/h3>\n\n\n\n<p>Tesla a modifi\u00e9 son mod\u00e8le tarifaire pour l\u2019utilisation des API n\u00e9cessaires \u00e0 la connexion avec les v\u00e9hicules. Le nouveau tarif est bien trop \u00e9lev\u00e9 et d\u00e9passerait les \u00e9conomies possibles avec SolarDashboard.<\/p>\n\n\n\n<p><\/p>\n\n\n\n<h3 class=\"wp-block-heading\"><strong>Quels sont les onduleurs support\u00e9s ?<\/strong><\/h3>\n\n\n\n<ul class=\"wp-block-list\">\n<li>SolarEdge inverter<\/li>\n\n\n\n<li>SMA inverter<\/li>\n\n\n\n<li>Tesla Powerwall<\/li>\n\n\n\n<li>Kostal inverter<\/li>\n\n\n\n<li>Huawei inverter<\/li>\n<\/ul>\n\n\n\n<p><\/p>\n\n\n\n<h3 class=\"wp-block-heading\"><strong>Les compteurs intelligents sont-ils \u00e9galement pris en charge ?<\/strong><\/h3>\n\n\n\n<p>Nous prenons actuellement en charge les Tesla Powerwall, qui disposent d&#8217;un compteur d&#8217;\u00e9nergie interne.&nbsp;La prise en charge d&#8217;autres compteurs intelligents &#8211; tels que ceux de Shelly &#8211; est en cours de planification.<\/p>\n\n\n\n<p><\/p>\n\n\n\n<h3 class=\"wp-block-heading\"><strong>Comment les fournisseurs traitent-ils les noms d\u2019utilisateur et les mots de passe ?<\/strong><\/h3>\n\n\n\n<p>Aucun nom d&#8217;utilisateur ou mot de passe n&#8217;est enregistr\u00e9 directement. Seuls les jetons d&#8217;acc\u00e8s sont stock\u00e9s crypt\u00e9s dans le trousseau.<\/p>\n\n\n\n<p><\/p>\n\n\n\n<h3 class=\"wp-block-heading\"><strong>SolarDashboard doit-il toujours \u00eatre ouvert ?<\/strong><\/h3>\n\n\n\n<p>Le calcul et l&#8217;application du surplus solaire fonctionnent de mani\u00e8re plus pr\u00e9cise si l&#8217;application est toujours ouverte au premier plan. Id\u00e9alement, un iPhone ou un iPad plus ancien, connect\u00e9 en permanence \u00e0 l\u2019alimentation et sur lequel SolarDashboard fonctionne activement au premier plan, est id\u00e9al pour cela. Par exemple, nous utilisons un iPad fix\u00e9 au mur. D&#8217;ailleurs : d&#8217;autres syst\u00e8mes domotiques peuvent \u00e9galement \u00eatre contr\u00f4l\u00e9s via celui-ci.<br>Alternativement, SolarDashboard est \u00e9galement disponible pour macOS. Si l&#8217;application et le Mac sont ouverts en permanence, la mise \u00e0 jour fonctionne tr\u00e8s fr\u00e9quemment et rapidement.<\/p>\n\n\n\n<p><\/p>\n\n\n\n<h3 class=\"wp-block-heading\"><strong>L&#8217;application reste-t-elle active en arri\u00e8re-plan ?<\/strong><\/h3>\n\n\n\n<p>En principe, l&#8217;application fonctionne \u00e9galement en arri\u00e8re-plan sur les iPhones\/iPads modernes lorsque l&#8217;application n&#8217;est pas ouverte. La fr\u00e9quence des mises \u00e0 jour et de l&#8217;activation ne peut pas \u00eatre d\u00e9termin\u00e9e avec pr\u00e9cision car l&#8217;heure de la mise \u00e0 jour est d\u00e9termin\u00e9e par Apple en arri\u00e8re-plan. Par exp\u00e9rience, les mises \u00e0 jour sur les appareils modernes ont lieu toutes les 20 \u00e0 30 minutes. Les facteurs d\u00e9cisifs sont le niveau de la batterie, les ressources disponibles (CPU &amp; RAM) et le type de connexion Internet (Wifi ou 5G).<\/p>\n\n\n\n<p><\/p>\n\n\n\n<h3 class=\"wp-block-heading\"><strong>Combien est-ce que j&#8217;\u00e9conomise avec SolarDashboard ?<\/strong><\/h3>\n\n\n\n<p>SolarDashboard permet d&#8217;\u00e9conomiser plusieurs centaines d&#8217;euros par an sur les co\u00fbts d&#8217;\u00e9lectricit\u00e9.<br>L&#8217;exemple suivant illustre les \u00e9conomies possibles en Allemagne :<br>Kilom\u00e9trage annuel : 15 000 kilom\u00e8tres<br>Consommation moyenne du Model 3 : 16 kWh \/ 100 KM<br>Consommation totale par an : 2400 kWh<br>Part de la charge \u00e0 la maison : 75%.<br>= 1800 kWh \u00e0 la maison et 600 kWh au chargeur rapide.<br>Co\u00fbt de l&#8217;\u00e9lectricit\u00e9 (sans SolarDashboard) \u00e0 la maison (\u00e0 40 centimes \/ kWh en moyenne) : 720 euros<br>Part du chargement avec le surplus solaire via le SolarDashboard : 50% (900 kWh)<br>Mais 900 kWh n&#8217;ont pas \u00e9t\u00e9 aliment\u00e9s, ce qui signifie que la r\u00e9mun\u00e9ration de l&#8217;alimentation d&#8217;environ 65 euros n&#8217;est pas per\u00e7ue.<br>Co\u00fbt de l&#8217;\u00e9lectricit\u00e9 avec exc\u00e9dent solaire : 425 euros (50% d&#8217;achat sur le r\u00e9seau + 65 euros de manque \u00e0 gagner sur le prix de rachat).<br><strong>\u00c9conomie d&#8217;environ : 300 euros par an<\/strong><\/p>\n\n\n\n<p><\/p>\n\n\n\n<h3 class=\"wp-block-heading\"><strong>Que se passe-t-il si le v\u00e9hicule ne se trouve pas \u00e0 proximit\u00e9 de l&#8217;installation solaire ?<\/strong><\/h3>\n\n\n\n<p>SolarDashboard peut d\u00e9terminer automatiquement si la voiture \u00e9lectrique (Audi, VW, Seat, Skoda) se trouve \u00e0 l&#8217;emplacement de l&#8217;installation photovolta\u00efque. Les donn\u00e9es de localisation ne sont pas utilis\u00e9es \u00e0 d&#8217;autres fins et ne sont pas transmises \u00e0 des fournisseurs tiers.<\/p>\n\n\n\n<p><\/p>\n\n\n\n<h3 class=\"wp-block-heading\"><strong>Quels smartphones, ordinateurs et tablettes SolarDashboard prend-il en charge&nbsp;?<\/strong><\/h3>\n\n\n\n<p>SolarDashboard est actuellement disponible pour iPhone et iPad (\u00e0 partir d&#8217;iOS 16). SolarDashboard peut \u00e9galement \u00eatre install\u00e9 sur les ordinateurs Mac \u00e0 partir de macOS 13.<\/p>\n\n\n\n<p><\/p>\n\n\n\n<h3 class=\"wp-block-heading\"><strong>Puis-je \u00e9galement pr\u00e9ciser qu&#8217;un certain niveau de batterie est garanti pour \u00eatre charg\u00e9 m\u00eame s&#8217;il n&#8217;y a pas assez de puissance PV ?<\/strong><\/h3>\n\n\n\n<p>Oui, divers param\u00e8tres de comportement de charge peuvent \u00eatre d\u00e9finis dans SolarDashboard. Par exemple, un certain niveau de charge doit \u00eatre pr\u00e9sent pour permettre une recharge dynamique avec un surplus solaire.<\/p>\n\n\n\n<p><\/p>\n\n\n\n<h3 class=\"wp-block-heading\"><strong>Quel est l&#8217;impact de la consommation de la batterie de l&#8217;iPhone \/ iPad lorsque l&#8217;application fonctionne en continu&nbsp;?<\/strong><\/h3>\n\n\n\n<p>L&#8217;actualisation en arri\u00e8re-plan est si bien contr\u00f4l\u00e9e par le syst\u00e8me d&#8217;exploitation iOS d&#8217;Apple qu&#8217;elle n&#8217;a aucun impact notable sur le niveau de la batterie de l&#8217;iPhone ou de l&#8217;iPad. Cependant, avoir une application ouverte en permanence r\u00e9duira la dur\u00e9e de vie de la batterie. Cependant, un \u00e9cran gris\u00e9 peut aider ici.<br>Alternativement : connectez simplement un c\u00e2ble de charge en permanence.<\/p>\n\n\n\n<p><\/p>\n\n\n\n<h3 class=\"wp-block-heading\"><strong>Combien co\u00fbte SolarDashboard ?<\/strong><\/h3>\n\n\n\n<p>Actuellement, SolarDashboard est en grande partie gratuit. Certaines fonctionnalit\u00e9s, comme la recharge des v\u00e9hicules \u00e9lectriques ou l\u2019utilisation d\u2019appareils HomeKit avec un surplus solaire, n\u00e9cessitent un abonnement mensuel pouvant \u00eatre r\u00e9sili\u00e9 \u00e0 tout moment. Les tarifs varient selon le pays et sont indiqu\u00e9s dans l\u2019application.<\/p>\n\n\n\n<p><\/p>\n\n\n\n<h3 class=\"wp-block-heading\"><strong>Quels sont les appareils HomeKit \u00e0 recommander ?<\/strong><\/h3>\n\n\n\n<p>Nous avons test\u00e9 un grand nombre d&#8217;appareils HomeKit. Pour les prises intelligentes, nous avons constat\u00e9 que les Eve Energy sont les plus fiables.<br>Pour les relais intelligents, nous en avons test\u00e9 beaucoup. Vous pouvez utiliser les smart switches Meross. Dans un avenir proche, nous soutiendrons d&#8217;autres appareils bas\u00e9s sur Matter, Zigbee ou Shelly.<\/p>\n\n\n\n<p><\/p>\n\n\n\n<h3 class=\"wp-block-heading\"><strong>Comment puis-je contacter les d\u00e9veloppeurs ?<\/strong><\/h3>\n\n\n\n<p>Il vous suffit de nous envoyer un courriel \u00e0 l&#8217;adresse <a href=\"mailto:info@tapwork.de\" target=\"_blank\" rel=\"noreferrer noopener\">info@tapwork.de<\/a><\/p>\n","protected":false},"excerpt":{"rendered":"<p>Qu&#8217;est-ce que SolarDashboard ? SolarDashboard peut surveiller ton installation photovolta\u00efque. Il affiche les valeurs solaires, les donn\u00e9es de consommation et l&#8217;\u00e9tat de la batterie de la maison. Gr\u00e2ce \u00e0 ces informations, SolarDashboard peut utiliser le surplus d&#8217;\u00e9nergie solaire. Tu peux ainsi faire fonctionner tes appareils avec l&#8217;\u00e9nergie verte de ton installation photovolta\u00efque. S&#8217;il n&#8217;y a [&hellip;]<\/p>\n","protected":false},"author":1,"featured_media":0,"parent":0,"menu_order":0,"comment_status":"closed","ping_status":"closed","template":"","meta":{"_uag_custom_page_level_css":"","site-sidebar-layout":"default","site-content-layout":"","ast-site-content-layout":"default","site-content-style":"default","site-sidebar-style":"default","ast-global-header-display":"","ast-banner-title-visibility":"","ast-main-header-display":"","ast-hfb-above-header-display":"","ast-hfb-below-header-display":"","ast-hfb-mobile-header-display":"","site-post-title":"","ast-breadcrumbs-content":"","ast-featured-img":"","footer-sml-layout":"","theme-transparent-header-meta":"","adv-header-id-meta":"","stick-header-meta":"","header-above-stick-meta":"","header-main-stick-meta":"","header-below-stick-meta":"","astra-migrate-meta-layouts":"set","ast-page-background-enabled":"default","ast-page-background-meta":{"desktop":{"background-color":"var(--ast-global-color-4)","background-image":"","background-repeat":"repeat","background-position":"center center","background-size":"auto","background-attachment":"scroll","background-type":"","background-media":"","overlay-type":"","overlay-color":"","overlay-opacity":"","overlay-gradient":""},"tablet":{"background-color":"","background-image":"","background-repeat":"repeat","background-position":"center center","background-size":"auto","background-attachment":"scroll","background-type":"","background-media":"","overlay-type":"","overlay-color":"","overlay-opacity":"","overlay-gradient":""},"mobile":{"background-color":"","background-image":"","background-repeat":"repeat","background-position":"center center","background-size":"auto","background-attachment":"scroll","background-type":"","background-media":"","overlay-type":"","overlay-color":"","overlay-opacity":"","overlay-gradient":""}},"ast-content-background-meta":{"desktop":{"background-color":"var(--ast-global-color-5)","background-image":"","background-repeat":"repeat","background-position":"center center","background-size":"auto","background-attachment":"scroll","background-type":"","background-media":"","overlay-type":"","overlay-color":"","overlay-opacity":"","overlay-gradient":""},"tablet":{"background-color":"var(--ast-global-color-5)","background-image":"","background-repeat":"repeat","background-position":"center center","background-size":"auto","background-attachment":"scroll","background-type":"","background-media":"","overlay-type":"","overlay-color":"","overlay-opacity":"","overlay-gradient":""},"mobile":{"background-color":"var(--ast-global-color-5)","background-image":"","background-repeat":"repeat","background-position":"center center","background-size":"auto","background-attachment":"scroll","background-type":"","background-media":"","overlay-type":"","overlay-color":"","overlay-opacity":"","overlay-gradient":""}},"footnotes":""},"class_list":["post-118","page","type-page","status-publish","hentry"],"uagb_featured_image_src":{"full":false,"thumbnail":false,"medium":false,"medium_large":false,"large":false,"1536x1536":false,"2048x2048":false,"trp-custom-language-flag":false},"uagb_author_info":{"display_name":"admin","author_link":"https:\/\/solardashboard.tapwork.de\/en\/author\/admin\/"},"uagb_comment_info":0,"uagb_excerpt":"Qu&#8217;est-ce que SolarDashboard ? SolarDashboard peut surveiller ton installation photovolta\u00efque. Il affiche les valeurs solaires, les donn\u00e9es de consommation et l&#8217;\u00e9tat de la batterie de la maison. Gr\u00e2ce \u00e0 ces informations, SolarDashboard peut utiliser le surplus d&#8217;\u00e9nergie solaire. Tu peux ainsi faire fonctionner tes appareils avec l&#8217;\u00e9nergie verte de ton installation photovolta\u00efque. S&#8217;il n&#8217;y a&hellip;","_links":{"self":[{"href":"https:\/\/solardashboard.tapwork.de\/en\/wp-json\/wp\/v2\/pages\/118","targetHints":{"allow":["GET"]}}],"collection":[{"href":"https:\/\/solardashboard.tapwork.de\/en\/wp-json\/wp\/v2\/pages"}],"about":[{"href":"https:\/\/solardashboard.tapwork.de\/en\/wp-json\/wp\/v2\/types\/page"}],"author":[{"embeddable":true,"href":"https:\/\/solardashboard.tapwork.de\/en\/wp-json\/wp\/v2\/users\/1"}],"replies":[{"embeddable":true,"href":"https:\/\/solardashboard.tapwork.de\/en\/wp-json\/wp\/v2\/comments?post=118"}],"version-history":[{"count":19,"href":"https:\/\/solardashboard.tapwork.de\/en\/wp-json\/wp\/v2\/pages\/118\/revisions"}],"predecessor-version":[{"id":1682,"href":"https:\/\/solardashboard.tapwork.de\/en\/wp-json\/wp\/v2\/pages\/118\/revisions\/1682"}],"wp:attachment":[{"href":"https:\/\/solardashboard.tapwork.de\/en\/wp-json\/wp\/v2\/media?parent=118"}],"curies":[{"name":"wp","href":"https:\/\/api.w.org\/{rel}","templated":true}]}}