{"id":11,"date":"2023-04-21T08:30:18","date_gmt":"2023-04-21T08:30:18","guid":{"rendered":"https:\/\/solardashboard.tapwork.de\/?page_id=11"},"modified":"2024-04-25T22:24:59","modified_gmt":"2024-04-25T22:24:59","slug":"solardashboard-datenschutzerklarung","status":"publish","type":"page","link":"https:\/\/solardashboard.tapwork.de\/en\/solardashboard-datenschutzerklarung\/","title":{"rendered":"Datenschutzerkl\u00e4rung"},"content":{"rendered":"\n<p style=\"font-size:1.5rem\"><strong>SolarDashboard<\/strong><\/p>\n\n\n\n<p>Mit der folgenden Datenschutzerkl\u00e4rung m\u00f6chten wir Sie dar\u00fcber informieren, welche Ihrer personenbezogenen Daten (im Folgenden auch &#8220;Daten&#8221; genannt) wir zu welchen Zwecken und in welchem Umfang im Rahmen der Bereitstellung unserer Anwendung verarbeiten.<\/p>\n\n\n\n<p>Letzte \u00c4nderung: 25. April 2024<br><\/p>\n\n\n\n<h3 class=\"wp-block-heading\" style=\"font-size:1.5rem\"><strong>Allgemein<\/strong><\/h3>\n\n\n\n<p>Die SolarDashboard-App erm\u00f6glicht die Leistungs\u00fcberwachung von Solaranlagen sowie die strombasierte Steuerung von elektronischen Ger\u00e4ten oder das Laden von Elektrofahrzeugen in Zusammenarbeit mit Drittanbietern.<\/p>\n\n\n\n<h3 class=\"wp-block-heading\" style=\"font-size:1.5rem\"><strong>Verarbeitung von Daten von Drittanbietern<\/strong><\/h3>\n\n\n\n<p>Hierf\u00fcr ist eine Anmeldung bei einem Drittanbieter erforderlich, um die Daten des Solarsystems anzuzeigen. Der Anmelde-Token oder das Cookie wird sicher im iOS-Schl\u00fcsselbund oder im WebView-Cookie-Speicher gespeichert. Dar\u00fcber hinaus bietet SolarDashboard eine Anmeldung f\u00fcr Elektrofahrzeuge an. Die Tokens werden sicher auf Ihrem Ger\u00e4t im iOS-Schl\u00fcsselbund gespeichert. Sie k\u00f6nnen sich jederzeit vom Drittanbieterdienst abmelden, um den Zugriffstoken oder das Cookie zu l\u00f6schen.<\/p>\n\n\n\n<p>F\u00fcr die Fehleranalyse (z.B. App-Abst\u00fcrze) und das Nutzungsverhalten verwendet SolarDashboard die Google Firebase-Dienste (Analytics und Crashlytics). Die Nutzung dieser Dienste ist freiwillig und kann jederzeit in den App-Einstellungen angepasst werden.<\/p>\n\n\n\n<p>Daten aus dem Solarsystem, wie die Stromerzeugung und -verbrauch, Fahrzeugdaten (z.B. Batteriestatus, Verbrauch) und Standortdaten des Solarsystems und des Autos (zur Bestimmung des Ladeorts), werden in der App geladen und verarbeitet. Diese Werte bleiben in SolarDashboard und werden nicht extern gespeichert oder verarbeitet.<\/p>\n\n\n\n<h3 class=\"wp-block-heading\" style=\"font-size:1.5rem\"><strong>Verantwortliche Stelle und Widerruf<\/strong><\/h3>\n\n\n\n<p>Verantwortliche Stelle f\u00fcr die Erhebung, Verarbeitung und Nutzung von personenbezogenen Daten im Sinne des Bundesdatenschutzgesetzes ist die:<br>TAPWORK GmbH<br>Bachstra\u00dfe 22<br>52066 Aachen<br>Deutschland<br><br>E-Mail: info@tapwork.de<br>Phone: +49-241-89439440<\/p>\n\n\n\n<p>Handelsregister:<br>Aachen:&nbsp;<strong>HRB 25990<\/strong><\/p>\n\n\n\n<h3 class=\"wp-block-heading\" style=\"font-size:1.5rem\"><strong>\u00dcbersicht der Verarbeitungen<\/strong><\/h3>\n\n\n\n<p>Die nachfolgende \u00dcbersicht fasst die Arten der verarbeiteten Daten und die Zwecke ihrer Verarbeitung zusammen und verweist auf die betroffenen Personen.<\/p>\n\n\n\n<h3 class=\"wp-block-heading\" style=\"font-size:1.5rem\"><strong>Arten der verarbeiteten Daten<\/strong><\/h3>\n\n\n\n<ul class=\"wp-block-list\">\n<li>Nutzungsdaten.<\/li>\n\n\n\n<li>Meta-, Kommunikations- und Verfahrensdaten.<\/li>\n\n\n\n<li>Fehler und Abst\u00fcrze der App<\/li>\n\n\n\n<li>E-Mail Adresse<\/li>\n\n\n\n<li>Name<\/li>\n<\/ul>\n\n\n\n<h3 class=\"wp-block-heading\" style=\"font-size:1.5rem\"><strong>Zwecke der Verarbeitung<\/strong><\/h3>\n\n\n\n<ul class=\"wp-block-list\">\n<li>Reichweitenmessung.<\/li>\n\n\n\n<li>Profile mit nutzerbezogenen Informationen.<\/li>\n\n\n\n<li>Bereitstellung unseres Onlineangebotes und Nutzerfreundlichkeit.<\/li>\n\n\n\n<li>Absturz- und Fehlererkennung zur Optimierung der App<\/li>\n\n\n\n<li>Kundenservice<\/li>\n<\/ul>\n\n\n\n<h3 class=\"wp-block-heading\" style=\"font-size:1.5rem\"><strong>Ma\u00dfgebliche Rechtsgrundlagen<\/strong><\/h3>\n\n\n\n<p>Im Folgenden erhalten Sie eine \u00dcbersicht der Rechtsgrundlagen der DSGVO, auf deren Basis wir personenbezogene Daten verarbeiten. Bitte nehmen Sie zur Kenntnis, dass neben den Regelungen der DSGVO nationale Datenschutzvorgaben in Ihrem bzw. unserem Wohn- oder Sitzland gelten k\u00f6nnen. Sollten ferner im Einzelfall speziellere Rechtsgrundlagen ma\u00dfgeblich sein, teilen wir Ihnen diese in der Datenschutzerkl\u00e4rung mit.<\/p>\n\n\n\n<ul class=\"wp-block-list\">\n<li><strong>Einwilligung (Art. 6 Abs. 1 S. 1 lit. a) DSGVO)<\/strong>&nbsp;&#8211; Die betroffene Person hat ihre Einwilligung in die Verarbeitung der sie betreffenden personenbezogenen Daten f\u00fcr einen spezifischen Zweck oder mehrere bestimmte Zwecke gegeben.<\/li>\n<\/ul>\n\n\n\n<p>Zus\u00e4tzlich zu den Datenschutzregelungen der DSGVO gelten nationale Regelungen zum Datenschutz in Deutschland. Hierzu geh\u00f6rt insbesondere das Gesetz zum Schutz vor Missbrauch personenbezogener Daten bei der Datenverarbeitung (Bundesdatenschutzgesetz \u2013 BDSG). Das BDSG enth\u00e4lt insbesondere Spezialregelungen zum Recht auf Auskunft, zum Recht auf L\u00f6schung, zum Widerspruchsrecht, zur Verarbeitung besonderer Kategorien personenbezogener Daten, zur Verarbeitung f\u00fcr andere Zwecke und zur \u00dcbermittlung sowie automatisierten Entscheidungsfindung im Einzelfall einschlie\u00dflich Profiling. Des Weiteren regelt es die Datenverarbeitung f\u00fcr Zwecke des Besch\u00e4ftigungsverh\u00e4ltnisses (\u00a7 26 BDSG), insbesondere im Hinblick auf die Begr\u00fcndung, Durchf\u00fchrung oder Beendigung von Besch\u00e4ftigungsverh\u00e4ltnissen sowie die Einwilligung von Besch\u00e4ftigten. Ferner k\u00f6nnen Landesdatenschutzgesetze der einzelnen Bundesl\u00e4nder zur Anwendung gelangen.<\/p>\n\n\n\n<h3 class=\"wp-block-heading\" style=\"font-size:1.5rem\"><strong>Sicherheitsma\u00dfnahmen<\/strong><\/h3>\n\n\n\n<p>Wir treffen nach Ma\u00dfgabe der gesetzlichen Vorgaben unter Ber\u00fccksichtigung des Stands der Technik, der Implementierungskosten und der Art, des Umfangs, der Umst\u00e4nde und der Zwecke der Verarbeitung sowie der unterschiedlichen Eintrittswahrscheinlichkeiten und des Ausma\u00dfes der Bedrohung der Rechte und Freiheiten nat\u00fcrlicher Personen geeignete technische und organisatorische Ma\u00dfnahmen, um ein dem Risiko angemessenes Schutzniveau zu gew\u00e4hrleisten.<\/p>\n\n\n\n<p>Zu den Ma\u00dfnahmen geh\u00f6ren insbesondere die Sicherung der Vertraulichkeit, Integrit\u00e4t und Verf\u00fcgbarkeit von Daten durch Kontrolle des physischen und elektronischen Zugangs zu den Daten als auch des sie betreffenden Zugriffs, der Eingabe, der Weitergabe, der Sicherung der Verf\u00fcgbarkeit und ihrer Trennung. Des Weiteren haben wir Verfahren eingerichtet, die eine Wahrnehmung von Betroffenenrechten, die L\u00f6schung von Daten und Reaktionen auf die Gef\u00e4hrdung der Daten gew\u00e4hrleisten. Ferner ber\u00fccksichtigen wir den Schutz personenbezogener Daten bereits bei der Entwicklung bzw. Auswahl von Hardware, Software sowie Verfahren entsprechend dem Prinzip des Datenschutzes, durch Technikgestaltung und durch datenschutzfreundliche Voreinstellungen.<\/p>\n\n\n\n<p>TLS-Verschl\u00fcsselung (https): Um Ihre via unserem Online-Angebot \u00fcbermittelten Daten zu sch\u00fctzen, nutzen wir eine TLS-Verschl\u00fcsselung. Sie erkennen derart verschl\u00fcsselte Verbindungen an dem Pr\u00e4fix https:\/\/ in der Adresszeile Ihres Browsers.<\/p>\n\n\n\n<h3 class=\"wp-block-heading\" style=\"font-size:1.5rem\"><strong>L\u00f6schung von Daten<\/strong><\/h3>\n\n\n\n<p>Die von uns verarbeiteten Daten werden nach Ma\u00dfgabe der gesetzlichen Vorgaben gel\u00f6scht, sobald deren zur Verarbeitung erlaubten Einwilligungen widerrufen werden oder sonstige Erlaubnisse entfallen (z.B. wenn der Zweck der Verarbeitung dieser Daten entfallen ist oder sie f\u00fcr den Zweck nicht erforderlich sind). Sofern die Daten nicht gel\u00f6scht werden, weil sie f\u00fcr andere und gesetzlich zul\u00e4ssige Zwecke erforderlich sind, wird deren Verarbeitung auf diese Zwecke beschr\u00e4nkt. D.h., die Daten werden gesperrt und nicht f\u00fcr andere Zwecke verarbeitet. Das gilt z.B. f\u00fcr Daten, die aus handels- oder steuerrechtlichen Gr\u00fcnden aufbewahrt werden m\u00fcssen oder deren Speicherung zur Geltendmachung, Aus\u00fcbung oder Verteidigung von Rechtsanspr\u00fcchen oder zum Schutz der Rechte einer anderen nat\u00fcrlichen oder juristischen Person erforderlich ist.&nbsp;<\/p>\n\n\n\n<p>Unsere Datenschutzhinweise k\u00f6nnen ferner weitere Angaben zu der Aufbewahrung und L\u00f6schung von Daten beinhalten, die f\u00fcr die jeweiligen Verarbeitungen vorrangig gelten.<\/p>\n\n\n\n<h3 class=\"wp-block-heading\" style=\"font-size:1.5rem\"><strong>Analyse, Absturz-Berichte und Optimierung<\/strong><\/h3>\n\n\n\n<p><strong>Analyse<\/strong><br>Die Analyse (auch als &#8220;Reichweitenmessung&#8221; bezeichnet) dient der Auswertung der Besucherstr\u00f6me unseres Onlineangebotes und kann Verhalten, Interessen oder demographische Informationen zu den Besuchern, wie z.B. das Alter oder das Geschlecht, als pseudonyme Werte umfassen. Mit Hilfe der Reichweitenanalyse k\u00f6nnen wir z.B. erkennen, zu welcher Zeit unser Onlineangebot oder dessen Funktionen oder Inhalte am h\u00e4ufigsten genutzt werden oder zur Wiederverwendung einladen. Ebenso k\u00f6nnen wir nachvollziehen, welche Bereiche der Optimierung bed\u00fcrfen.&nbsp;<\/p>\n\n\n\n<p><strong>Optimierungen<\/strong><br>Neben der Analyse k\u00f6nnen wir auch Testverfahren einsetzen, um z.B. unterschiedliche Versionen unseres Onlineangebotes oder seiner Bestandteile zu testen und optimieren.<\/p>\n\n\n\n<p><strong><strong>Absturz-Berichte<\/strong><\/strong><br>Zur weiteren Optimierung der App werden Dienste eingesetzt, um Abst\u00fcrze und Fehler der App zu berichten. Der Einsatz von Crashlytics hilft uns dabei, unsere App zu verbessern und zu stabilisieren. Hierzu zeichnet Crashlytics Absturz-Daten und technische Ursachen hierf\u00fcr auf. Sobald die App auf dem Endger\u00e4t des Nutzers abst\u00fcrzt, sammelt Crashlytics Daten, mit denen der Grund des App-Absturzes besser analysiert werden kann und erstellt daraus einen Absturzbericht. Mit Hilfe dieses Berichts k\u00f6nnen wird dann die Fehler analysieren und durch Weiterentwicklung der App in Zukunft verhindern.<\/p>\n\n\n\n<p><strong>Gespeicherte Daten<\/strong><br>Sofern nachfolgend nicht anders angegeben, k\u00f6nnen zu diesen Zwecken Profile, d.h. zu einem Nutzungsvorgang zusammengefasste Daten angelegt und Informationen in einem Browser, bzw. in einem Endger\u00e4t gespeichert und aus diesem ausgelesen werden. Zu den erhobenen Angaben geh\u00f6ren insbesondere besuchte Webseiten und dort genutzte Elemente sowie technische Angaben, wie der verwendete Browser, das verwendete Computersystem sowie Angaben zu Nutzungszeiten. Generell werden die im Rahmen von Analyse, A\/B-Testings, Absturz-Berichte und Optimierung keine Klardaten der Nutzer (wie z.B. E-Mail-Adressen oder Namen) gespeichert, sondern Pseudonyme. D.h., wir als auch die Anbieter der eingesetzten Software kennen nicht die tats\u00e4chliche Identit\u00e4t der Nutzer, sondern nur den f\u00fcr Zwecke der jeweiligen Verfahren in deren Profilen gespeicherten Angaben.<\/p>\n\n\n\n<ul class=\"wp-block-list\">\n<li><strong>Verarbeitete Datenarten:<\/strong>&nbsp;Nutzungsdaten (z.B. besuchte Seiten in der App, Webseiten, Interesse an Inhalten, Zugriffszeiten), Meta-, Kommunikations- und Verfahrensdaten (z. B. Zeitangaben, Identifikationsnummern, Einwilligungsstatus) und Berichte zu App-Abst\u00fcrzen.<\/li>\n\n\n\n<li><strong>Betroffene Personen:<\/strong>&nbsp;Nutzer (z.B. Webseitenbesucher, Nutzer von Onlinediensten).<\/li>\n\n\n\n<li><strong>Zwecke der Verarbeitung:<\/strong>&nbsp;Reichweitenmessung (z.B. Zugriffsstatistiken, Erkennung wiederkehrender Besucher); Profile mit nutzerbezogenen Informationen (Erstellen von Nutzerprofilen), Bereitstellung unseres Onlineangebotes und Nutzerfreundlichkeit, Behebungen von Fehlern und Optimierungen der App.<\/li>\n\n\n\n<li><strong>Sicherheitsma\u00dfnahmen:<\/strong>&nbsp;IP-Masking (Pseudonymisierung der IP-Adresse).<\/li>\n\n\n\n<li><strong>Rechtsgrundlagen:<\/strong>&nbsp;Einwilligung (Art. 6 Abs. 1 S. 1 lit. a) DSGVO).<\/li>\n<\/ul>\n\n\n\n<p><strong>Weitere Hinweise zu Verarbeitungsprozessen, Verfahren und Diensten:<\/strong><\/p>\n\n\n\n<ul class=\"wp-block-list\">\n<li><strong>Firebase Google Analytics:&nbsp;<\/strong>Webanalyse, Reichweitenmessung sowie Messung von Nutzerstr\u00f6men;&nbsp;<strong>Dienstanbieter:<\/strong>&nbsp;Google Ireland Limited, Gordon House, Barrow Street, Dublin 4, Irland;&nbsp;<\/li>\n\n\n\n<li><strong>Firebase Google Analytics, Crashlytics:<\/strong> App-Abst\u00fcrze, Fehler-Berichte&nbsp;<strong>Dienstanbieter:<\/strong>&nbsp;Google Ireland Limited, Gordon House, Barrow Street, Dublin 4, Irland<\/li>\n<\/ul>\n\n\n\n<h3 class=\"wp-block-heading\">E-Mail Kontakt<\/h3>\n\n\n\n<p>Wenn Sie unsere Kontakt-Schaltfl\u00e4che in der App verwenden, um mit uns in Kontakt zu treten, erfassen wir die folgenden personenbezogenen Daten, die Sie bereitstellen: Name, E-Mail-Adresse. Diese Daten werden verwendet, um auf Ihre Anfrage zu antworten und den entsprechenden Kundenservice bereitzustellen.<\/p>\n\n\n\n<p>Die rechtliche Grundlage f\u00fcr die Verarbeitung dieser Daten beruht auf Ihrer Einwilligung, die Sie durch das Absenden des Kontaktformulars erteilen. Sie haben das Recht, Ihre Einwilligung jederzeit zu widerrufen, indem Sie uns kontaktieren oder eine E-Mail an <a>info@tapwork.de<\/a> senden.<\/p>\n\n\n\n<p>Wir verwenden die \u00fcber das Kontaktformular gesammelten Daten nur f\u00fcr die oben genannten Zwecke und geben sie nicht ohne Ihre Zustimmung an Dritte weiter, es sei denn, dies ist gesetzlich erforderlich.<\/p>\n\n\n\n<p>Ihre \u00fcber die Mail-App gesammelten Daten werden nur so lange gespeichert, wie es f\u00fcr die Bearbeitung Ihrer Anfrage erforderlich ist, es sei denn, es bestehen rechtliche Verpflichtungen zur l\u00e4ngeren Speicherung.<\/p>\n\n\n\n<p>Wir haben angemessene technische und organisatorische Ma\u00dfnahmen getroffen, um die Sicherheit Ihrer Daten zu gew\u00e4hrleisten und unbefugten Zugriff, Verlust, Missbrauch oder \u00c4nderungen zu verhindern.<\/p>\n\n\n\n<h3 class=\"wp-block-heading\" style=\"font-size:1.5rem\"><strong>Rechte der betroffenen Personen<\/strong><\/h3>\n\n\n\n<p>Ihnen stehen als Betroffene nach der DSGVO verschiedene Rechte zu, die sich insbesondere aus Art. 15 bis 21 DSGVO ergeben:<\/p>\n\n\n\n<ul class=\"wp-block-list\">\n<li><strong>Widerspruchsrecht: Sie haben das Recht, aus Gr\u00fcnden, die sich aus Ihrer besonderen Situation ergeben, jederzeit gegen die Verarbeitung der Sie betreffenden personenbezogenen Daten, die aufgrund von Art. 6 Abs. 1 lit. e oder f DSGVO erfolgt, Widerspruch einzulegen; dies gilt auch f\u00fcr ein auf diese Bestimmungen gest\u00fctztes Profiling. Werden die Sie betreffenden personenbezogenen Daten verarbeitet, um Direktwerbung zu betreiben, haben Sie das Recht, jederzeit Widerspruch gegen die Verarbeitung der Sie betreffenden personenbezogenen Daten zum Zwecke derartiger Werbung einzulegen; dies gilt auch f\u00fcr das Profiling, soweit es mit solcher Direktwerbung in Verbindung steht.<\/strong><\/li>\n\n\n\n<li><strong>Widerrufsrecht bei Einwilligungen:<\/strong>&nbsp;Sie haben das Recht, erteilte Einwilligungen jederzeit zu widerrufen.<\/li>\n\n\n\n<li><strong>Auskunftsrecht:<\/strong>&nbsp;Sie haben das Recht, eine Best\u00e4tigung dar\u00fcber zu verlangen, ob betreffende Daten verarbeitet werden und auf Auskunft \u00fcber diese Daten sowie auf weitere Informationen und Kopie der Daten entsprechend den gesetzlichen Vorgaben.<\/li>\n\n\n\n<li><strong>Recht auf Berichtigung:<\/strong>&nbsp;Sie haben entsprechend den gesetzlichen Vorgaben das Recht, die Vervollst\u00e4ndigung der Sie betreffenden Daten oder die Berichtigung der Sie betreffenden unrichtigen Daten zu verlangen.<\/li>\n\n\n\n<li><strong>Recht auf L\u00f6schung und Einschr\u00e4nkung der Verarbeitung:<\/strong>&nbsp;Sie haben nach Ma\u00dfgabe der gesetzlichen Vorgaben das Recht, zu verlangen, dass Sie betreffende Daten unverz\u00fcglich gel\u00f6scht werden, bzw. alternativ nach Ma\u00dfgabe der gesetzlichen Vorgaben eine Einschr\u00e4nkung der Verarbeitung der Daten zu verlangen.<\/li>\n\n\n\n<li><strong>Recht auf Daten\u00fcbertragbarkeit:<\/strong>&nbsp;Sie haben das Recht, Sie betreffende Daten, die Sie uns bereitgestellt haben, nach Ma\u00dfgabe der gesetzlichen Vorgaben in einem strukturierten, g\u00e4ngigen und maschinenlesbaren Format zu erhalten oder deren \u00dcbermittlung an einen anderen Verantwortlichen zu fordern.<\/li>\n\n\n\n<li><strong>Beschwerde bei Aufsichtsbeh\u00f6rde:<\/strong>&nbsp;Sie haben unbeschadet eines anderweitigen verwaltungsrechtlichen oder gerichtlichen Rechtsbehelfs das Recht auf Beschwerde bei einer Aufsichtsbeh\u00f6rde, insbesondere in dem Mitgliedstaat ihres gew\u00f6hnlichen Aufenthaltsorts, ihres Arbeitsplatzes oder des Orts des mutma\u00dflichen Versto\u00dfes, wenn Sie der Ansicht sind, dass die Verarbeitung der Sie betreffenden personenbezogenen Daten gegen die Vorgaben der DSGVO verst\u00f6\u00dft.<\/li>\n<\/ul>\n","protected":false},"excerpt":{"rendered":"<p>SolarDashboard Mit der folgenden Datenschutzerkl\u00e4rung m\u00f6chten wir Sie dar\u00fcber informieren, welche Ihrer personenbezogenen Daten (im Folgenden auch &#8220;Daten&#8221; genannt) wir zu welchen Zwecken und in welchem Umfang im Rahmen der Bereitstellung unserer Anwendung verarbeiten. Letzte \u00c4nderung: 25. April 2024 Allgemein Die SolarDashboard-App erm\u00f6glicht die Leistungs\u00fcberwachung von Solaranlagen sowie die strombasierte Steuerung von elektronischen Ger\u00e4ten oder [&hellip;]<\/p>\n","protected":false},"author":1,"featured_media":0,"parent":0,"menu_order":0,"comment_status":"closed","ping_status":"closed","template":"","meta":{"_uag_custom_page_level_css":"","site-sidebar-layout":"default","site-content-layout":"","ast-site-content-layout":"default","site-content-style":"default","site-sidebar-style":"default","ast-global-header-display":"","ast-banner-title-visibility":"","ast-main-header-display":"","ast-hfb-above-header-display":"","ast-hfb-below-header-display":"","ast-hfb-mobile-header-display":"","site-post-title":"","ast-breadcrumbs-content":"","ast-featured-img":"","footer-sml-layout":"","theme-transparent-header-meta":"","adv-header-id-meta":"","stick-header-meta":"","header-above-stick-meta":"","header-main-stick-meta":"","header-below-stick-meta":"","astra-migrate-meta-layouts":"set","ast-page-background-enabled":"default","ast-page-background-meta":{"desktop":{"background-color":"var(--ast-global-color-4)","background-image":"","background-repeat":"repeat","background-position":"center center","background-size":"auto","background-attachment":"scroll","background-type":"","background-media":"","overlay-type":"","overlay-color":"","overlay-opacity":"","overlay-gradient":""},"tablet":{"background-color":"","background-image":"","background-repeat":"repeat","background-position":"center center","background-size":"auto","background-attachment":"scroll","background-type":"","background-media":"","overlay-type":"","overlay-color":"","overlay-opacity":"","overlay-gradient":""},"mobile":{"background-color":"","background-image":"","background-repeat":"repeat","background-position":"center center","background-size":"auto","background-attachment":"scroll","background-type":"","background-media":"","overlay-type":"","overlay-color":"","overlay-opacity":"","overlay-gradient":""}},"ast-content-background-meta":{"desktop":{"background-color":"var(--ast-global-color-5)","background-image":"","background-repeat":"repeat","background-position":"center center","background-size":"auto","background-attachment":"scroll","background-type":"","background-media":"","overlay-type":"","overlay-color":"","overlay-opacity":"","overlay-gradient":""},"tablet":{"background-color":"var(--ast-global-color-5)","background-image":"","background-repeat":"repeat","background-position":"center center","background-size":"auto","background-attachment":"scroll","background-type":"","background-media":"","overlay-type":"","overlay-color":"","overlay-opacity":"","overlay-gradient":""},"mobile":{"background-color":"var(--ast-global-color-5)","background-image":"","background-repeat":"repeat","background-position":"center center","background-size":"auto","background-attachment":"scroll","background-type":"","background-media":"","overlay-type":"","overlay-color":"","overlay-opacity":"","overlay-gradient":""}},"footnotes":""},"class_list":["post-11","page","type-page","status-publish","hentry"],"uagb_featured_image_src":{"full":false,"thumbnail":false,"medium":false,"medium_large":false,"large":false,"1536x1536":false,"2048x2048":false,"trp-custom-language-flag":false},"uagb_author_info":{"display_name":"admin","author_link":"https:\/\/solardashboard.tapwork.de\/en\/author\/admin\/"},"uagb_comment_info":0,"uagb_excerpt":"SolarDashboard Mit der folgenden Datenschutzerkl\u00e4rung m\u00f6chten wir Sie dar\u00fcber informieren, welche Ihrer personenbezogenen Daten (im Folgenden auch &#8220;Daten&#8221; genannt) wir zu welchen Zwecken und in welchem Umfang im Rahmen der Bereitstellung unserer Anwendung verarbeiten. Letzte \u00c4nderung: 25. April 2024 Allgemein Die SolarDashboard-App erm\u00f6glicht die Leistungs\u00fcberwachung von Solaranlagen sowie die strombasierte Steuerung von elektronischen Ger\u00e4ten oder&hellip;","_links":{"self":[{"href":"https:\/\/solardashboard.tapwork.de\/en\/wp-json\/wp\/v2\/pages\/11","targetHints":{"allow":["GET"]}}],"collection":[{"href":"https:\/\/solardashboard.tapwork.de\/en\/wp-json\/wp\/v2\/pages"}],"about":[{"href":"https:\/\/solardashboard.tapwork.de\/en\/wp-json\/wp\/v2\/types\/page"}],"author":[{"embeddable":true,"href":"https:\/\/solardashboard.tapwork.de\/en\/wp-json\/wp\/v2\/users\/1"}],"replies":[{"embeddable":true,"href":"https:\/\/solardashboard.tapwork.de\/en\/wp-json\/wp\/v2\/comments?post=11"}],"version-history":[{"count":23,"href":"https:\/\/solardashboard.tapwork.de\/en\/wp-json\/wp\/v2\/pages\/11\/revisions"}],"predecessor-version":[{"id":1626,"href":"https:\/\/solardashboard.tapwork.de\/en\/wp-json\/wp\/v2\/pages\/11\/revisions\/1626"}],"wp:attachment":[{"href":"https:\/\/solardashboard.tapwork.de\/en\/wp-json\/wp\/v2\/media?parent=11"}],"curies":[{"name":"wp","href":"https:\/\/api.w.org\/{rel}","templated":true}]}}