{"id":1494,"date":"2024-01-11T09:05:06","date_gmt":"2024-01-11T09:05:06","guid":{"rendered":"https:\/\/solardashboard.tapwork.de\/?page_id=1494"},"modified":"2024-04-25T21:44:26","modified_gmt":"2024-04-25T21:44:26","slug":"privacy-policy-for-solardashboard-tapwork-de","status":"publish","type":"page","link":"https:\/\/solardashboard.tapwork.de\/de\/privacy-policy-for-solardashboard-tapwork-de\/","title":{"rendered":"Datenschutzerkl\u00e4rung f\u00fcr solardashboard.tapwork.de"},"content":{"rendered":"<p>Wir freuen uns \u00fcber Ihr Interesse an solardashboard.tapwork.de (nachfolgend als \"Website\" bezeichnet). Der Schutz Ihrer pers\u00f6nlichen Daten ist uns ein wichtiges Anliegen. Nachfolgend m\u00f6chten wir Sie dar\u00fcber informieren, welche personenbezogenen Daten wir im Rahmen der Nutzung unserer Website erheben, verarbeiten und nutzen.<\/p>\n\n\n\n<p>Die Datenschutzerkl\u00e4rung f\u00fcr die SolarDashboard App <a href=\"https:\/\/solardashboard.tapwork.de\/de\/solardashboard-privacy-policy\/\">kann hier gelesen werden.<\/a>.<\/p>\n\n\n\n<ol class=\"wp-block-list\">\n<li>Verantwortliche Person<\/li>\n<\/ol>\n\n\n\n<p>Verantwortlich f\u00fcr die Datenverarbeitung auf dieser Website ist:<\/p>\n\n\n\n<p>TAPWORK GmbH, Bachstr. 22, 52066 Aachen, Deutschland, info@tapwork.de<\/p>\n\n\n\n<ol class=\"wp-block-list\" start=\"2\">\n<li>Erhebung und Verarbeitung von personenbezogenen Daten<\/li>\n<\/ol>\n\n\n\n<p>Bei der Nutzung unseres Dienstes k\u00f6nnen wir Sie bitten, uns bestimmte personenbezogene Daten zur Verf\u00fcgung zu stellen, die dazu verwendet werden k\u00f6nnen, Sie zu kontaktieren oder zu identifizieren. <\/p>\n\n\n\n<p>A) E-Mail Kontakt <\/p>\n\n\n\n<p>Wenn Sie unser Kontaktformular auf der Website nutzen, um mit uns in Kontakt zu treten, erfassen wir die folgenden personenbezogenen Daten, die Sie bereitstellen: Name, E-Mail-Adresse. Diese Daten werden verwendet, um auf Ihre Anfrage zu antworten und den entsprechenden Kundenservice bereitzustellen.<\/p>\n\n\n\n<p>Die rechtliche Grundlage f\u00fcr die Verarbeitung dieser Daten ist Ihre Einwilligung, die Sie durch Absenden des Kontaktformulars erteilen. Sie haben das Recht, Ihre Einwilligung jederzeit zu widerrufen, indem Sie uns kontaktieren oder eine E-Mail an info@tapwork.de senden. <a>info@tapwork.de<\/a>.<\/p>\n\n\n\n<p>Die durch das Kontaktformular erhobenen Daten werden ausschlie\u00dflich f\u00fcr die oben genannten Zwecke verwendet und ohne Ihre Zustimmung nicht an Dritte weitergegeben, es sei denn, dies ist gesetzlich vorgeschrieben.<\/p>\n\n\n\n<p>Ihre \u00fcber das Kontaktformular erhobenen Daten werden nur so lange gespeichert, wie es zur Bearbeitung Ihrer Anfrage erforderlich ist, es sei denn, es bestehen gesetzliche Verpflichtungen, sie f\u00fcr einen l\u00e4ngeren Zeitraum zu speichern.<\/p>\n\n\n\n<p>Wir haben angemessene technische und organisatorische Ma\u00dfnahmen implementiert, um die Sicherheit Ihrer Daten zu gew\u00e4hrleisten und unbefugten Zugriff, Verlust, Missbrauch oder \u00c4nderung zu verhindern.<\/p>\n\n\n\n<p>b) Server-Protokolldateien Bei jedem Zugriff auf unsere Website werden automatisch Informationen an den Server unserer Website gesendet und vor\u00fcbergehend von Ihrem Ger\u00e4te-Webbrowser gespeichert. Folgende Informationen werden ohne Ihr Zutun erfasst und bis zur automatischen L\u00f6schung gespeichert:<\/p>\n\n\n\n<ul class=\"wp-block-list\">\n<li>IP-Adresse des anfragenden Rechners<\/li>\n\n\n\n<li>Datum und Uhrzeit des Zugriffs<\/li>\n\n\n\n<li>Name und URL der abgerufenen Datei<\/li>\n\n\n\n<li>Website, von der aus der Zugriff erfolgt (Referrer-URL)<\/li>\n\n\n\n<li>Verwendeter Browser und ggf. das Betriebssystem Ihres Rechners sowie der Name Ihres Access-Providers<\/li>\n<\/ul>\n\n\n\n<p>Die genannten Daten werden durch uns zu folgenden Zwecken verarbeitet:<\/p>\n\n\n\n<ul class=\"wp-block-list\">\n<li>Gew\u00e4hrleistung eines reibungslosen Verbindungsaufbaus der Website<\/li>\n\n\n\n<li>Gew\u00e4hrleistung einer komfortablen Nutzung unserer Website<\/li>\n\n\n\n<li>Auswertung der Systemsicherheit und -stabilit\u00e4t<\/li>\n\n\n\n<li>Zu weiteren administrativen Zwecken<\/li>\n<\/ul>\n\n\n\n<p>Die Rechtsgrundlage f\u00fcr die Datenverarbeitung ist Art. 6 Abs. 1 S. 1 lit. f DSGVO. Unser berechtigtes Interesse folgt aus oben aufgelisteten Zwecken zur Datenerhebung. In keinem Fall verwenden wir die erhobenen Daten zu dem Zweck, R\u00fcckschl\u00fcsse auf Ihre Person zu ziehen.<\/p>\n\n\n\n<ol class=\"wp-block-list\" start=\"3\">\n<li>Ihre Rechte<\/li>\n<\/ol>\n\n\n\n<p>Sie haben das Recht:<\/p>\n\n\n\n<ul class=\"wp-block-list\">\n<li>gem\u00e4\u00df Art. 15 DSGVO Auskunft \u00fcber Ihre von uns verarbeiteten personenbezogenen Daten zu verlangen.<\/li>\n\n\n\n<li>gem\u00e4\u00df Art. 16 DSGVO unverz\u00fcglich die Berichtigung unrichtiger oder Vervollst\u00e4ndigung Ihrer bei uns gespeicherten personenbezogenen Daten zu verlangen.<\/li>\n\n\n\n<li>gem\u00e4\u00df Art. 17 DSGVO die L\u00f6schung Ihrer bei uns gespeicherten personenbezogenen Daten zu verlangen.<\/li>\n\n\n\n<li>gem\u00e4\u00df Art. 18 DSGVO die Einschr\u00e4nkung der Verarbeitung Ihrer personenbezogenen Daten zu verlangen.<\/li>\n\n\n\n<li>gem\u00e4\u00df Art. 20 DSGVO Ihre personenbezogenen Daten, die Sie uns bereitgestellt haben, in einem strukturierten, g\u00e4ngigen und maschinenlesebaren Format zu erhalten oder die \u00dcbermittlung an einen anderen Verantwortlichen zu verlangen.<\/li>\n\n\n\n<li>gem\u00e4\u00df Art. 77 DSGVO sich bei einer Aufsichtsbeh\u00f6rde zu beschweren.<\/li>\n<\/ul>\n\n\n\n<ol class=\"wp-block-list\" start=\"4\">\n<li>\u00c4nderungen dieser Datenschutzerkl\u00e4rung<\/li>\n<\/ol>\n\n\n\n<p>Diese Datenschutzrichtlinie ist derzeit g\u00fcltig und hat den Stand vom 25. April 2024. Aufgrund der Weiterentwicklung unserer Website und Angebote oder \u00c4nderungen rechtlicher oder beh\u00f6rdlicher Anforderungen kann es erforderlich sein, diese Datenschutzrichtlinie zu \u00e4ndern.<\/p>","protected":false},"excerpt":{"rendered":"<p>We appreciate your interest in our Solar Dashboard on solardashboard.tapwork.de (hereinafter referred to as the &#8220;Website&#8221;). The protection of your personal data is important to us. Below, we would like to inform you about the collection, processing, and use of personal data when using our Website. The privacy policy for the SolarDashboard app can be [&hellip;]<\/p>","protected":false},"author":1,"featured_media":0,"parent":0,"menu_order":0,"comment_status":"closed","ping_status":"closed","template":"","meta":{"_uag_custom_page_level_css":"","site-sidebar-layout":"default","site-content-layout":"","ast-site-content-layout":"default","site-content-style":"default","site-sidebar-style":"default","ast-global-header-display":"","ast-banner-title-visibility":"","ast-main-header-display":"","ast-hfb-above-header-display":"","ast-hfb-below-header-display":"","ast-hfb-mobile-header-display":"","site-post-title":"","ast-breadcrumbs-content":"","ast-featured-img":"","footer-sml-layout":"","theme-transparent-header-meta":"","adv-header-id-meta":"","stick-header-meta":"","header-above-stick-meta":"","header-main-stick-meta":"","header-below-stick-meta":"","astra-migrate-meta-layouts":"set","ast-page-background-enabled":"default","ast-page-background-meta":{"desktop":{"background-color":"var(--ast-global-color-4)","background-image":"","background-repeat":"repeat","background-position":"center center","background-size":"auto","background-attachment":"scroll","background-type":"","background-media":"","overlay-type":"","overlay-color":"","overlay-opacity":"","overlay-gradient":""},"tablet":{"background-color":"","background-image":"","background-repeat":"repeat","background-position":"center center","background-size":"auto","background-attachment":"scroll","background-type":"","background-media":"","overlay-type":"","overlay-color":"","overlay-opacity":"","overlay-gradient":""},"mobile":{"background-color":"","background-image":"","background-repeat":"repeat","background-position":"center center","background-size":"auto","background-attachment":"scroll","background-type":"","background-media":"","overlay-type":"","overlay-color":"","overlay-opacity":"","overlay-gradient":""}},"ast-content-background-meta":{"desktop":{"background-color":"var(--ast-global-color-5)","background-image":"","background-repeat":"repeat","background-position":"center center","background-size":"auto","background-attachment":"scroll","background-type":"","background-media":"","overlay-type":"","overlay-color":"","overlay-opacity":"","overlay-gradient":""},"tablet":{"background-color":"var(--ast-global-color-5)","background-image":"","background-repeat":"repeat","background-position":"center center","background-size":"auto","background-attachment":"scroll","background-type":"","background-media":"","overlay-type":"","overlay-color":"","overlay-opacity":"","overlay-gradient":""},"mobile":{"background-color":"var(--ast-global-color-5)","background-image":"","background-repeat":"repeat","background-position":"center center","background-size":"auto","background-attachment":"scroll","background-type":"","background-media":"","overlay-type":"","overlay-color":"","overlay-opacity":"","overlay-gradient":""}},"footnotes":""},"class_list":["post-1494","page","type-page","status-publish","hentry"],"uagb_featured_image_src":{"full":false,"thumbnail":false,"medium":false,"medium_large":false,"large":false,"1536x1536":false,"2048x2048":false,"trp-custom-language-flag":false},"uagb_author_info":{"display_name":"admin","author_link":"https:\/\/solardashboard.tapwork.de\/de\/author\/admin\/"},"uagb_comment_info":0,"uagb_excerpt":"We appreciate your interest in our Solar Dashboard on solardashboard.tapwork.de (hereinafter referred to as the &#8220;Website&#8221;). The protection of your personal data is important to us. Below, we would like to inform you about the collection, processing, and use of personal data when using our Website. The privacy policy for the SolarDashboard app can be&hellip;","_links":{"self":[{"href":"https:\/\/solardashboard.tapwork.de\/de\/wp-json\/wp\/v2\/pages\/1494","targetHints":{"allow":["GET"]}}],"collection":[{"href":"https:\/\/solardashboard.tapwork.de\/de\/wp-json\/wp\/v2\/pages"}],"about":[{"href":"https:\/\/solardashboard.tapwork.de\/de\/wp-json\/wp\/v2\/types\/page"}],"author":[{"embeddable":true,"href":"https:\/\/solardashboard.tapwork.de\/de\/wp-json\/wp\/v2\/users\/1"}],"replies":[{"embeddable":true,"href":"https:\/\/solardashboard.tapwork.de\/de\/wp-json\/wp\/v2\/comments?post=1494"}],"version-history":[{"count":3,"href":"https:\/\/solardashboard.tapwork.de\/de\/wp-json\/wp\/v2\/pages\/1494\/revisions"}],"predecessor-version":[{"id":1612,"href":"https:\/\/solardashboard.tapwork.de\/de\/wp-json\/wp\/v2\/pages\/1494\/revisions\/1612"}],"wp:attachment":[{"href":"https:\/\/solardashboard.tapwork.de\/de\/wp-json\/wp\/v2\/media?parent=1494"}],"curies":[{"name":"wp","href":"https:\/\/api.w.org\/{rel}","templated":true}]}}