{"id":1206,"date":"2024-01-03T14:58:13","date_gmt":"2024-01-03T14:58:13","guid":{"rendered":"https:\/\/solardashboard.tapwork.de\/?page_id=1206"},"modified":"2025-02-11T21:50:10","modified_gmt":"2025-02-11T21:50:10","slug":"imprint","status":"publish","type":"page","link":"https:\/\/solardashboard.tapwork.de\/de\/imprint\/","title":{"rendered":"Impressum"},"content":{"rendered":"<p>Impressum f\u00fcr Seite solardashboard.tapwork.de:<\/p>\n\n\n\n<p>Verantwortlich nach dem Telemediengesetz (TMG):<\/p>\n\n\n\n<p>TAPWORK GmbH, Bachstra\u00dfe. 22, 52066 Aachen,<\/p>\n\n\n\n<p>Vertreten durch: Christian Menschel (Gesch\u00e4ftsf\u00fchrer)<\/p>\n\n\n\n<p>Telefon: +49-241-89439440 <br>Email: <a href=\"mailto:info@tapwork.de\" data-type=\"mailto\" data-id=\"mailto:info@tapwork.de\">info@tapwork.de<\/a><\/p>\n\n\n\n<p><a href=\"https:\/\/www.tapwork.de\" target=\"_blank\" rel=\"noopener\">www.tapwork.de<\/a><\/p>\n\n\n\n<p>Registered office:&nbsp;Aachen&nbsp;<strong>HRB 25990<br><\/strong>Umsatzsteuer-Identifikationsnummer<\/p>\n\n\n\n<p>Inhaltlich Verantwortlicher gem\u00e4\u00df \u00a7 55 Abs. 2 RStV: Christian Menschel, Bachstr. 22, 52066 Aachen<\/p>\n\n\n\n<p>Haftungshinweis: Trotz sorgf\u00e4ltiger inhaltlicher Kontrolle \u00fcbernehmen wir keine Haftung f\u00fcr die Inhalte externer Links. F\u00fcr den Inhalt der verlinkten Seiten sind ausschlie\u00dflich deren Betreiber verantwortlich.<\/p>\n\n\n\n<p>Datenschutz: Informationen zum Datenschutz in unserem <a href=\"https:\/\/solardashboard.tapwork.de\/de\/solardashboard-privacy-policy\/\" data-type=\"page\" data-id=\"8\">Datenschutzerkl\u00e4rung<\/a>.<\/p>\n\n\n\n<p>Bildnachweis: Die auf dieser Website verwendeten Bilder stammen von der TAPWORK GmbH und unterliegen dem Copyright.<\/p>","protected":false},"excerpt":{"rendered":"<p>Legal information for the website solardashboard.tapwork.de: Responsible according to the Telemedia Act (TMG): TAPWORK GmbH, Bachstr. 22, 52066 Aachen, Germany Represented by: Christian Menschel (CEO) Phone: +49-241-89439440 Email: info@tapwork.de www.tapwork.de Registered office:&nbsp;Aachen&nbsp;HRB 25990VAT identification number: DE292252122 Person responsible for content according to \u00a7 55 para. 2 RStV: Christian Menschel, Bachstr. 22, 52066 Aachen, Germany Disclaimer: [&hellip;]<\/p>","protected":false},"author":1,"featured_media":0,"parent":0,"menu_order":0,"comment_status":"closed","ping_status":"closed","template":"","meta":{"_uag_custom_page_level_css":"","site-sidebar-layout":"default","site-content-layout":"","ast-site-content-layout":"default","site-content-style":"default","site-sidebar-style":"default","ast-global-header-display":"","ast-banner-title-visibility":"","ast-main-header-display":"","ast-hfb-above-header-display":"","ast-hfb-below-header-display":"","ast-hfb-mobile-header-display":"","site-post-title":"","ast-breadcrumbs-content":"","ast-featured-img":"","footer-sml-layout":"","theme-transparent-header-meta":"","adv-header-id-meta":"","stick-header-meta":"","header-above-stick-meta":"","header-main-stick-meta":"","header-below-stick-meta":"","astra-migrate-meta-layouts":"set","ast-page-background-enabled":"default","ast-page-background-meta":{"desktop":{"background-color":"var(--ast-global-color-4)","background-image":"","background-repeat":"repeat","background-position":"center center","background-size":"auto","background-attachment":"scroll","background-type":"","background-media":"","overlay-type":"","overlay-color":"","overlay-opacity":"","overlay-gradient":""},"tablet":{"background-color":"","background-image":"","background-repeat":"repeat","background-position":"center center","background-size":"auto","background-attachment":"scroll","background-type":"","background-media":"","overlay-type":"","overlay-color":"","overlay-opacity":"","overlay-gradient":""},"mobile":{"background-color":"","background-image":"","background-repeat":"repeat","background-position":"center center","background-size":"auto","background-attachment":"scroll","background-type":"","background-media":"","overlay-type":"","overlay-color":"","overlay-opacity":"","overlay-gradient":""}},"ast-content-background-meta":{"desktop":{"background-color":"var(--ast-global-color-5)","background-image":"","background-repeat":"repeat","background-position":"center center","background-size":"auto","background-attachment":"scroll","background-type":"","background-media":"","overlay-type":"","overlay-color":"","overlay-opacity":"","overlay-gradient":""},"tablet":{"background-color":"var(--ast-global-color-5)","background-image":"","background-repeat":"repeat","background-position":"center center","background-size":"auto","background-attachment":"scroll","background-type":"","background-media":"","overlay-type":"","overlay-color":"","overlay-opacity":"","overlay-gradient":""},"mobile":{"background-color":"var(--ast-global-color-5)","background-image":"","background-repeat":"repeat","background-position":"center center","background-size":"auto","background-attachment":"scroll","background-type":"","background-media":"","overlay-type":"","overlay-color":"","overlay-opacity":"","overlay-gradient":""}},"footnotes":""},"class_list":["post-1206","page","type-page","status-publish","hentry"],"uagb_featured_image_src":{"full":false,"thumbnail":false,"medium":false,"medium_large":false,"large":false,"1536x1536":false,"2048x2048":false,"trp-custom-language-flag":false},"uagb_author_info":{"display_name":"admin","author_link":"https:\/\/solardashboard.tapwork.de\/de\/author\/admin\/"},"uagb_comment_info":0,"uagb_excerpt":"Legal information for the website solardashboard.tapwork.de: Responsible according to the Telemedia Act (TMG): TAPWORK GmbH, Bachstr. 22, 52066 Aachen, Germany Represented by: Christian Menschel (CEO) Phone: +49-241-89439440 Email: info@tapwork.de www.tapwork.de Registered office:&nbsp;Aachen&nbsp;HRB 25990VAT identification number: DE292252122 Person responsible for content according to \u00a7 55 para. 2 RStV: Christian Menschel, Bachstr. 22, 52066 Aachen, Germany Disclaimer:&hellip;","_links":{"self":[{"href":"https:\/\/solardashboard.tapwork.de\/de\/wp-json\/wp\/v2\/pages\/1206","targetHints":{"allow":["GET"]}}],"collection":[{"href":"https:\/\/solardashboard.tapwork.de\/de\/wp-json\/wp\/v2\/pages"}],"about":[{"href":"https:\/\/solardashboard.tapwork.de\/de\/wp-json\/wp\/v2\/types\/page"}],"author":[{"embeddable":true,"href":"https:\/\/solardashboard.tapwork.de\/de\/wp-json\/wp\/v2\/users\/1"}],"replies":[{"embeddable":true,"href":"https:\/\/solardashboard.tapwork.de\/de\/wp-json\/wp\/v2\/comments?post=1206"}],"version-history":[{"count":14,"href":"https:\/\/solardashboard.tapwork.de\/de\/wp-json\/wp\/v2\/pages\/1206\/revisions"}],"predecessor-version":[{"id":1642,"href":"https:\/\/solardashboard.tapwork.de\/de\/wp-json\/wp\/v2\/pages\/1206\/revisions\/1642"}],"wp:attachment":[{"href":"https:\/\/solardashboard.tapwork.de\/de\/wp-json\/wp\/v2\/media?parent=1206"}],"curies":[{"name":"wp","href":"https:\/\/api.w.org\/{rel}","templated":true}]}}